{"id":17,"date":"2019-06-30T17:55:37","date_gmt":"2019-06-30T08:25:37","guid":{"rendered":"https:\/\/www.skyconstruction.com.au\/?page_id=17"},"modified":"2019-09-12T10:17:05","modified_gmt":"2019-09-12T00:47:05","slug":"about-us","status":"publish","type":"page","link":"https:\/\/www.skyconstruction.com.au\/vi\/about-us\/","title":{"rendered":"V\u1ec1 ch\u00fang t\u00f4i"},"content":{"rendered":"<div data-elementor-type=\"wp-post\" data-elementor-id=\"17\" class=\"elementor elementor-17\" data-elementor-post-type=\"page\">\n\t\t\t\t\t\t<section class=\"elementor-section elementor-top-section elementor-element elementor-element-5c6657a6 elementor-section-boxed elementor-section-height-default elementor-section-height-default\" data-id=\"5c6657a6\" data-element_type=\"section\" data-e-type=\"section\" data-settings=\"{&quot;background_background&quot;:&quot;classic&quot;}\">\n\t\t\t\t\t\t\t<div class=\"elementor-background-overlay\"><\/div>\n\t\t\t\t\t\t\t<div class=\"elementor-container elementor-column-gap-default\">\n\t\t\t\t\t<div class=\"elementor-column elementor-col-100 elementor-top-column elementor-element elementor-element-1fb49157\" data-id=\"1fb49157\" data-element_type=\"column\" data-e-type=\"column\">\n\t\t\t<div class=\"elementor-widget-wrap elementor-element-populated\">\n\t\t\t\t\t\t<div class=\"elementor-element elementor-element-688cf7b2 elementor-widget elementor-widget-spacer\" data-id=\"688cf7b2\" data-element_type=\"widget\" data-e-type=\"widget\" data-widget_type=\"spacer.default\">\n\t\t\t\t<div class=\"elementor-widget-container\">\n\t\t\t\t\t\t\t<div class=\"elementor-spacer\">\n\t\t\t<div class=\"elementor-spacer-inner\"><\/div>\n\t\t<\/div>\n\t\t\t\t\t\t<\/div>\n\t\t\t\t<\/div>\n\t\t\t\t<div class=\"elementor-element elementor-element-95385b2 elementor-widget elementor-widget-heading\" data-id=\"95385b2\" data-element_type=\"widget\" data-e-type=\"widget\" data-widget_type=\"heading.default\">\n\t\t\t\t<div class=\"elementor-widget-container\">\n\t\t\t\t\t<h1 class=\"elementor-heading-title elementor-size-default\">V\u1ec1 ch\u00fang t\u00f4i<\/h1>\t\t\t\t<\/div>\n\t\t\t\t<\/div>\n\t\t\t\t<div class=\"elementor-element elementor-element-46ebf8c elementor-widget elementor-widget-heading\" data-id=\"46ebf8c\" data-element_type=\"widget\" data-e-type=\"widget\" data-widget_type=\"heading.default\">\n\t\t\t\t<div class=\"elementor-widget-container\">\n\t\t\t\t\t<h4 class=\"elementor-heading-title elementor-size-default\">T\u00ecm hi\u1ec3u th\u00eam th\u00f4ng tin v\u1ec1 c\u00f4ng ty Sky Construction and Development<\/h4>\t\t\t\t<\/div>\n\t\t\t\t<\/div>\n\t\t\t\t<section class=\"elementor-section elementor-inner-section elementor-element elementor-element-70118177 elementor-section-content-middle elementor-section-boxed elementor-section-height-default elementor-section-height-default\" data-id=\"70118177\" data-element_type=\"section\" data-e-type=\"section\">\n\t\t\t\t\t\t<div class=\"elementor-container elementor-column-gap-default\">\n\t\t\t\t\t<div class=\"elementor-column elementor-col-50 elementor-inner-column elementor-element elementor-element-193f1c14\" data-id=\"193f1c14\" data-element_type=\"column\" data-e-type=\"column\">\n\t\t\t<div class=\"elementor-widget-wrap elementor-element-populated\">\n\t\t\t\t\t\t<div class=\"elementor-element elementor-element-5d6e0cc0 elementor-widget elementor-widget-image\" data-id=\"5d6e0cc0\" data-element_type=\"widget\" data-e-type=\"widget\" data-widget_type=\"image.default\">\n\t\t\t\t<div class=\"elementor-widget-container\">\n\t\t\t\t\t\t\t\t\t\t\t\t\t\t\t\t<a href=\"https:\/\/www.skyconstruction.com.au\/wp-content\/uploads\/2019\/07\/sky-image-1.jpg\" data-elementor-open-lightbox=\"yes\" data-elementor-lightbox-title=\"sky-image-1\" data-e-action-hash=\"#elementor-action%3Aaction%3Dlightbox%26settings%3DeyJpZCI6NzYsInVybCI6Imh0dHBzOlwvXC93d3cuc2t5Y29uc3RydWN0aW9uLmNvbS5hdVwvd3AtY29udGVudFwvdXBsb2Fkc1wvMjAxOVwvMDdcL3NreS1pbWFnZS0xLmpwZyJ9\">\n\t\t\t\t\t\t\t<img fetchpriority=\"high\" decoding=\"async\" width=\"800\" height=\"533\" src=\"https:\/\/www.skyconstruction.com.au\/wp-content\/uploads\/2019\/07\/sky-image-1.jpg\" class=\"attachment-large size-large wp-image-76\" alt=\"\" srcset=\"https:\/\/www.skyconstruction.com.au\/wp-content\/uploads\/2019\/07\/sky-image-1.jpg 800w, https:\/\/www.skyconstruction.com.au\/wp-content\/uploads\/2019\/07\/sky-image-1-300x200.jpg 300w, https:\/\/www.skyconstruction.com.au\/wp-content\/uploads\/2019\/07\/sky-image-1-768x512.jpg 768w\" sizes=\"(max-width: 800px) 100vw, 800px\" \/>\t\t\t\t\t\t\t\t<\/a>\n\t\t\t\t\t\t\t\t\t\t\t\t\t\t\t<\/div>\n\t\t\t\t<\/div>\n\t\t\t\t<div class=\"elementor-element elementor-element-8922309 elementor-widget elementor-widget-image\" data-id=\"8922309\" data-element_type=\"widget\" data-e-type=\"widget\" data-widget_type=\"image.default\">\n\t\t\t\t<div class=\"elementor-widget-container\">\n\t\t\t\t\t\t\t\t\t\t\t\t\t\t\t\t<a href=\"https:\/\/www.skyconstruction.com.au\/wp-content\/uploads\/2019\/07\/sky-image-11.jpg\" data-elementor-open-lightbox=\"yes\" data-elementor-lightbox-title=\"sky-image-11\" data-e-action-hash=\"#elementor-action%3Aaction%3Dlightbox%26settings%3DeyJpZCI6ODYsInVybCI6Imh0dHBzOlwvXC93d3cuc2t5Y29uc3RydWN0aW9uLmNvbS5hdVwvd3AtY29udGVudFwvdXBsb2Fkc1wvMjAxOVwvMDdcL3NreS1pbWFnZS0xMS5qcGcifQ%3D%3D\">\n\t\t\t\t\t\t\t<img decoding=\"async\" width=\"800\" height=\"533\" src=\"https:\/\/www.skyconstruction.com.au\/wp-content\/uploads\/2019\/07\/sky-image-11.jpg\" class=\"attachment-large size-large wp-image-86\" alt=\"\" srcset=\"https:\/\/www.skyconstruction.com.au\/wp-content\/uploads\/2019\/07\/sky-image-11.jpg 800w, https:\/\/www.skyconstruction.com.au\/wp-content\/uploads\/2019\/07\/sky-image-11-300x200.jpg 300w, https:\/\/www.skyconstruction.com.au\/wp-content\/uploads\/2019\/07\/sky-image-11-768x512.jpg 768w\" sizes=\"(max-width: 800px) 100vw, 800px\" \/>\t\t\t\t\t\t\t\t<\/a>\n\t\t\t\t\t\t\t\t\t\t\t\t\t\t\t<\/div>\n\t\t\t\t<\/div>\n\t\t\t\t\t<\/div>\n\t\t<\/div>\n\t\t\t\t<div class=\"elementor-column elementor-col-50 elementor-inner-column elementor-element elementor-element-5d50a99e\" data-id=\"5d50a99e\" data-element_type=\"column\" data-e-type=\"column\">\n\t\t\t<div class=\"elementor-widget-wrap elementor-element-populated\">\n\t\t\t\t\t\t<div class=\"elementor-element elementor-element-29c51e3 elementor-widget elementor-widget-text-editor\" data-id=\"29c51e3\" data-element_type=\"widget\" data-e-type=\"widget\" data-widget_type=\"text-editor.default\">\n\t\t\t\t<div class=\"elementor-widget-container\">\n\t\t\t\t\t\t\t\t\t<p>Sky Construction &amp; Development l\u00e0 m\u1ed9t c\u00f4ng ty chuy\u00ean v\u1ec1 ph\u00e1t tri\u1ec3n v\u00e0 x\u00e2y d\u1ef1ng b\u1ea5t \u0111\u1ed9ng s\u1ea3n t\u1ea1i th\u00e0nh ph\u1ed1 Adelaide,Nam \u00dac (AUSTRALIA).<\/p><p>T\u1eeb nh\u1eefng kh\u1edfi \u0111\u1ea7u khi\u00eam t\u1ed1n, ng\u00e0y \u0111\u1ea7u ti\u00ean m\u1edf c\u1eeda, ch\u00fang t\u00f4i \u0111\u00e3 c\u00f3 m\u1ed9t m\u1ee5c ti\u00eau \u0111\u01a1n gi\u1ea3n: x\u00e2y d\u1ef1ng nh\u1eefng ng\u00f4i nh\u00e0 ch\u1ea5t l\u01b0\u1ee3ng cho kh\u00e1ch h\u00e0ng. Ch\u00fang t\u00f4i b\u1eaft \u0111\u1ea7u v\u1edbi mong mu\u1ed1n \u0111\u01a1n gi\u1ea3n l\u00e0 x\u00e2y d\u1ef1ng nh\u1eefng ng\u00f4i nh\u00e0 n\u01a1i m\u1ecdi ng\u01b0\u1eddi th\u1ef1c s\u1ef1 y\u00eau th\u00edch s\u1ed1ng v\u00e0 t\u1ef1 h\u00e0o g\u1ecdi l\u00e0 nh\u00e0 c\u1ee7a m\u00ecnh. \u0110\u00f3 l\u00e0 nh\u1eefng g\u00ec ch\u00fang t\u00f4i mu\u1ed1n \u0111\u1ea1t \u0111\u01b0\u1ee3c, v\u00e0 \u0111\u00f3 l\u00e0 nh\u1eefng g\u00ec sau nhi\u1ec1u n\u0103m v\u1eabn th\u00fac \u0111\u1ea9y v\u00e0 truy\u1ec1n c\u1ea3m h\u1ee9ng cho ch\u00fang t\u00f4i \u0111\u1ebfn ng\u00e0y h\u00f4m nay.<\/p><p>Cho d\u00f9 b\u1ea1n \u0111ang t\u00ecm c\u00e1ch x\u00e2y d\u1ef1ng ng\u00f4i nh\u00e0 m\u01a1 \u01b0\u1edbc m\u1edbi c\u1ee7a b\u1ea1n; ho\u1eb7c b\u1ea1n l\u00e0 m\u1ed9t nh\u00e0 \u0111\u1ea7u t\u01b0 mu\u1ed1n x\u00e2y d\u1ef1ng s\u1ef1 gi\u00e0u c\u00f3 th\u00f4ng qua \u0111\u1ea7u t\u01b0 v\u00e0 ph\u00e1t tri\u1ec3n b\u1ea5t \u0111\u1ed9ng s\u1ea3n, v\u1edbi nhi\u1ec1u n\u0103m kinh nghi\u1ec7m v\u00e0 ki\u1ebfn th\u1ee9c chuy\u00ean s\u00e2u \u0111\u01b0\u1ee3c h\u1ed7 tr\u1ee3 b\u1edfi \u0111\u1ed9i ng\u0169 chuy\u00ean gia t\u1eadn t\u00e2m, ch\u00fang t\u00f4i c\u00f3 th\u1ec3 gi\u00fap b\u1ea1n \u0111\u1ea1t \u0111\u01b0\u1ee3c m\u1ee5c ti\u00eau c\u1ee7a m\u00ecnh.<\/p><p><strong>Gi\u00e1 tr\u1ecb v\u00e0 nguy\u00ean t\u1eafc c\u1ee7a ch\u00fang t\u00f4i:<\/strong><\/p><p>T\u1ea1i Sky Construction &amp; Development, t\u1ea7m nh\u00ecn c\u1ee7a c\u00f4ng ty ch\u00fang t\u00f4i, m\u1ecdi th\u1ee9 ch\u00fang t\u00f4i l\u00e0m, \u0111\u1ec1u \u0111\u01b0\u1ee3c h\u01b0\u1edbng d\u1eabn b\u1edfi 5 gi\u00e1 tr\u1ecb v\u00e0 nguy\u00ean t\u1eafc c\u01a1 b\u1ea3n n\u00e0y:<\/p><ul><li>\u0110\u1ed5i m\u1edbi v\u00e0 s\u00e1ng t\u1ea1o<\/li><li>Ch\u1ea5t l\u01b0\u1ee3ng v\u00e0 \u0111\u1ed9 tin c\u1eady<\/li><li>T\u00f4n tr\u1ecdng v\u00e0 trung th\u1ef1c<\/li><li>\u0110am m\u00ea v\u00e0 t\u1ef1 h\u00e0o<\/li><li>H\u1ee3p t\u00e1c v\u00e0 Th\u1ea5u hi\u1ec3u<\/li><\/ul><p>Gi\u00fap qu\u00ed kh\u00e1ch \u0111\u1ea1t \u0111\u01b0\u1ee3c m\u1ee5c ti\u00eau v\u00e0 \u01b0\u1edbc m\u01a1 l\u00e0 s\u1ef1 th\u00e0nh c\u00f4ng c\u1ee7a ch\u00fang t\u00f4i.<\/p>\t\t\t\t\t\t\t\t<\/div>\n\t\t\t\t<\/div>\n\t\t\t\t<div class=\"elementor-element elementor-element-6d23070 elementor-mobile-align-center elementor-widget elementor-widget-button\" data-id=\"6d23070\" data-element_type=\"widget\" data-e-type=\"widget\" data-widget_type=\"button.default\">\n\t\t\t\t<div class=\"elementor-widget-container\">\n\t\t\t\t\t\t\t\t\t<div class=\"elementor-button-wrapper\">\n\t\t\t\t\t<a class=\"elementor-button elementor-button-link elementor-size-sm\" href=\"\/vi\/contact-us\/\">\n\t\t\t\t\t\t<span class=\"elementor-button-content-wrapper\">\n\t\t\t\t\t\t\t\t\t<span class=\"elementor-button-text\">Li\u00ean h\u1ec7 ch\u00fang t\u00f4i<\/span>\n\t\t\t\t\t<\/span>\n\t\t\t\t\t<\/a>\n\t\t\t\t<\/div>\n\t\t\t\t\t\t\t\t<\/div>\n\t\t\t\t<\/div>\n\t\t\t\t\t<\/div>\n\t\t<\/div>\n\t\t\t\t\t<\/div>\n\t\t<\/section>\n\t\t\t\t<div class=\"elementor-element elementor-element-557ee69f elementor-widget elementor-widget-spacer\" data-id=\"557ee69f\" data-element_type=\"widget\" data-e-type=\"widget\" data-widget_type=\"spacer.default\">\n\t\t\t\t<div class=\"elementor-widget-container\">\n\t\t\t\t\t\t\t<div class=\"elementor-spacer\">\n\t\t\t<div class=\"elementor-spacer-inner\"><\/div>\n\t\t<\/div>\n\t\t\t\t\t\t<\/div>\n\t\t\t\t<\/div>\n\t\t\t\t<div class=\"elementor-element elementor-element-61d980f8 elementor-widget elementor-widget-heading\" data-id=\"61d980f8\" data-element_type=\"widget\" data-e-type=\"widget\" data-widget_type=\"heading.default\">\n\t\t\t\t<div class=\"elementor-widget-container\">\n\t\t\t\t\t<h2 class=\"elementor-heading-title elementor-size-default\">Tr\u00e1ch nhi\u1ec7m x\u00e3 h\u1ed9i doanh nghi\u1ec7p<\/h2>\t\t\t\t<\/div>\n\t\t\t\t<\/div>\n\t\t\t\t<section class=\"elementor-section elementor-inner-section elementor-element elementor-element-aa244b9 elementor-section-content-middle elementor-section-boxed elementor-section-height-default elementor-section-height-default\" data-id=\"aa244b9\" data-element_type=\"section\" data-e-type=\"section\">\n\t\t\t\t\t\t<div class=\"elementor-container elementor-column-gap-default\">\n\t\t\t\t\t<div class=\"elementor-column elementor-col-33 elementor-inner-column elementor-element elementor-element-38f9373\" data-id=\"38f9373\" data-element_type=\"column\" data-e-type=\"column\">\n\t\t\t<div class=\"elementor-widget-wrap\">\n\t\t\t\t\t\t\t<\/div>\n\t\t<\/div>\n\t\t\t\t<div class=\"elementor-column elementor-col-33 elementor-inner-column elementor-element elementor-element-f364f25\" data-id=\"f364f25\" data-element_type=\"column\" data-e-type=\"column\">\n\t\t\t<div class=\"elementor-widget-wrap elementor-element-populated\">\n\t\t\t\t\t\t<div class=\"elementor-element elementor-element-e89b6bb elementor-widget elementor-widget-text-editor\" data-id=\"e89b6bb\" data-element_type=\"widget\" data-e-type=\"widget\" data-widget_type=\"text-editor.default\">\n\t\t\t\t<div class=\"elementor-widget-container\">\n\t\t\t\t\t\t\t\t\t<p>Sky Construction and Development l\u00e0 m\u1ed9t ng\u01b0\u1eddi \u1ee7ng h\u1ed9 \u0111\u00e1ng t\u1ef1 h\u00e0o c\u1ee7a UNHCR Australia (Cao \u1ee7y Li\u00ean Hi\u1ec7p Qu\u1ed1c v\u1ec1 ng\u01b0\u1eddi t\u1ecb n\u1ea1n).<\/p><p>Ch\u00fang t\u00f4i \u0111am m\u00ea ph\u00e1t tri\u1ec3n c\u1ed9ng \u0111\u1ed3ng \u0111\u1ecba ph\u01b0\u01a1ng v\u00e0 th\u00edch tham gia v\u00e0 \u0111\u00f3ng g\u00f3p cho c\u00e1c s\u1ef1 ki\u1ec7n t\u1eeb thi\u1ec7n v\u00e0 g\u00e2y qu\u1ef9 \u0111\u1ecba ph\u01b0\u01a1ng.<\/p><p>N\u1ebfu b\u1ea1n l\u00e0 m\u1ed9t t\u1ed5 ch\u1ee9c ho\u1eb7c c\u00e1 nh\u00e2n \u0111ang t\u00ecm ki\u1ebfm h\u1ed7 tr\u1ee3 cho c\u1ed9ng \u0111\u1ed3ng \u0111\u1ecba ph\u01b0\u01a1ng c\u1ee7a b\u1ea1n, vui l\u00f2ng li\u00ean h\u1ec7 v\u1edbi ch\u00fang t\u00f4i, ch\u00fang t\u00f4i r\u1ea5t vui l\u00f2ng \u0111\u01b0\u1ee3c gi\u00fap \u0111\u1ee1 v\u00e0 cung c\u1ea5p h\u1ed7 tr\u1ee3.<\/p>\t\t\t\t\t\t\t\t<\/div>\n\t\t\t\t<\/div>\n\t\t\t\t<div class=\"elementor-element elementor-element-a2187e5 elementor-widget elementor-widget-image\" data-id=\"a2187e5\" data-element_type=\"widget\" data-e-type=\"widget\" data-widget_type=\"image.default\">\n\t\t\t\t<div class=\"elementor-widget-container\">\n\t\t\t\t\t\t\t\t\t\t\t\t\t\t\t<img decoding=\"async\" width=\"650\" height=\"153\" src=\"https:\/\/www.skyconstruction.com.au\/wp-content\/uploads\/2019\/08\/sky-unhcrlogo.png\" class=\"attachment-large size-large wp-image-287\" alt=\"\" srcset=\"https:\/\/www.skyconstruction.com.au\/wp-content\/uploads\/2019\/08\/sky-unhcrlogo.png 650w, https:\/\/www.skyconstruction.com.au\/wp-content\/uploads\/2019\/08\/sky-unhcrlogo-300x71.png 300w\" sizes=\"(max-width: 650px) 100vw, 650px\" \/>\t\t\t\t\t\t\t\t\t\t\t\t\t\t\t<\/div>\n\t\t\t\t<\/div>\n\t\t\t\t\t<\/div>\n\t\t<\/div>\n\t\t\t\t<div class=\"elementor-column elementor-col-33 elementor-inner-column elementor-element elementor-element-bf58975\" data-id=\"bf58975\" data-element_type=\"column\" data-e-type=\"column\">\n\t\t\t<div class=\"elementor-widget-wrap\">\n\t\t\t\t\t\t\t<\/div>\n\t\t<\/div>\n\t\t\t\t\t<\/div>\n\t\t<\/section>\n\t\t\t\t<div class=\"elementor-element elementor-element-f70348e elementor-widget elementor-widget-spacer\" data-id=\"f70348e\" data-element_type=\"widget\" data-e-type=\"widget\" data-widget_type=\"spacer.default\">\n\t\t\t\t<div class=\"elementor-widget-container\">\n\t\t\t\t\t\t\t<div class=\"elementor-spacer\">\n\t\t\t<div class=\"elementor-spacer-inner\"><\/div>\n\t\t<\/div>\n\t\t\t\t\t\t<\/div>\n\t\t\t\t<\/div>\n\t\t\t\t\t<\/div>\n\t\t<\/div>\n\t\t\t\t\t<\/div>\n\t\t<\/section>\n\t\t\t\t<\/div>","protected":false},"excerpt":{"rendered":"<p>About Us Find out what Sky Construction &amp; Development is all about. Sky Construction &amp; Development is a property group specializing in property development and new home construction based in Adelaide, South Australia. From humble beginnings, the day we first opened our doors we have had one simple goal: to build quality homes for our [&hellip;]<\/p>\n","protected":false},"author":1,"featured_media":0,"parent":0,"menu_order":0,"comment_status":"closed","ping_status":"closed","template":"","meta":{"footnotes":""},"class_list":["post-17","page","type-page","status-publish","hentry"],"yoast_head":"<!-- This site is optimized with the Yoast SEO plugin v27.4 - https:\/\/yoast.com\/product\/yoast-seo-wordpress\/ -->\n<title>About Sky Construction Adelaide Builder<\/title>\n<meta name=\"robots\" content=\"index, follow, max-snippet:-1, max-image-preview:large, max-video-preview:-1\" \/>\n<link rel=\"canonical\" href=\"https:\/\/www.skyconstruction.com.au\/vi\/about-us\/\" \/>\n<meta property=\"og:locale\" content=\"vi_VN\" \/>\n<meta property=\"og:type\" content=\"article\" \/>\n<meta property=\"og:title\" content=\"About Sky Construction Adelaide Builder\" \/>\n<meta property=\"og:description\" content=\"About Us Find out what Sky Construction &amp; Development is all about. Sky Construction &amp; Development is a property group specializing in property development and new home construction based in Adelaide, South Australia. From humble beginnings, the day we first opened our doors we have had one simple goal: to build quality homes for our [&hellip;]\" \/>\n<meta property=\"og:url\" content=\"https:\/\/www.skyconstruction.com.au\/vi\/about-us\/\" \/>\n<meta property=\"og:site_name\" content=\"Sky Construction &amp; Development\" \/>\n<meta property=\"article:modified_time\" content=\"2019-09-12T00:47:05+00:00\" \/>\n<meta property=\"og:image\" content=\"https:\/\/www.skyconstruction.com.au\/wp-content\/uploads\/2019\/07\/sky-image-1.jpg\" \/>\n<meta name=\"twitter:card\" content=\"summary_large_image\" \/>\n<meta name=\"twitter:label1\" content=\"\u01af\u1edbc t\u00ednh th\u1eddi gian \u0111\u1ecdc\" \/>\n\t<meta name=\"twitter:data1\" content=\"1 ph\u00fat\" \/>\n<script type=\"application\/ld+json\" class=\"yoast-schema-graph\">{\"@context\":\"https:\\\/\\\/schema.org\",\"@graph\":[{\"@type\":\"WebPage\",\"@id\":\"https:\\\/\\\/www.skyconstruction.com.au\\\/about-us\\\/\",\"url\":\"https:\\\/\\\/www.skyconstruction.com.au\\\/about-us\\\/\",\"name\":\"About Sky Construction Adelaide Builder\",\"isPartOf\":{\"@id\":\"https:\\\/\\\/www.skyconstruction.com.au\\\/#website\"},\"primaryImageOfPage\":{\"@id\":\"https:\\\/\\\/www.skyconstruction.com.au\\\/about-us\\\/#primaryimage\"},\"image\":{\"@id\":\"https:\\\/\\\/www.skyconstruction.com.au\\\/about-us\\\/#primaryimage\"},\"thumbnailUrl\":\"https:\\\/\\\/www.skyconstruction.com.au\\\/wp-content\\\/uploads\\\/2019\\\/07\\\/sky-image-1.jpg\",\"datePublished\":\"2019-06-30T08:25:37+00:00\",\"dateModified\":\"2019-09-12T00:47:05+00:00\",\"breadcrumb\":{\"@id\":\"https:\\\/\\\/www.skyconstruction.com.au\\\/about-us\\\/#breadcrumb\"},\"inLanguage\":\"vi\",\"potentialAction\":[{\"@type\":\"ReadAction\",\"target\":[\"https:\\\/\\\/www.skyconstruction.com.au\\\/about-us\\\/\"]}]},{\"@type\":\"ImageObject\",\"inLanguage\":\"vi\",\"@id\":\"https:\\\/\\\/www.skyconstruction.com.au\\\/about-us\\\/#primaryimage\",\"url\":\"https:\\\/\\\/www.skyconstruction.com.au\\\/wp-content\\\/uploads\\\/2019\\\/07\\\/sky-image-1.jpg\",\"contentUrl\":\"https:\\\/\\\/www.skyconstruction.com.au\\\/wp-content\\\/uploads\\\/2019\\\/07\\\/sky-image-1.jpg\"},{\"@type\":\"BreadcrumbList\",\"@id\":\"https:\\\/\\\/www.skyconstruction.com.au\\\/about-us\\\/#breadcrumb\",\"itemListElement\":[{\"@type\":\"ListItem\",\"position\":1,\"name\":\"Home\",\"item\":\"https:\\\/\\\/www.skyconstruction.com.au\\\/\"},{\"@type\":\"ListItem\",\"position\":2,\"name\":\"About Us\"}]},{\"@type\":\"WebSite\",\"@id\":\"https:\\\/\\\/www.skyconstruction.com.au\\\/#website\",\"url\":\"https:\\\/\\\/www.skyconstruction.com.au\\\/\",\"name\":\"Sky Construction &amp; Development\",\"description\":\"\",\"publisher\":{\"@id\":\"https:\\\/\\\/www.skyconstruction.com.au\\\/#organization\"},\"potentialAction\":[{\"@type\":\"SearchAction\",\"target\":{\"@type\":\"EntryPoint\",\"urlTemplate\":\"https:\\\/\\\/www.skyconstruction.com.au\\\/?s={search_term_string}\"},\"query-input\":{\"@type\":\"PropertyValueSpecification\",\"valueRequired\":true,\"valueName\":\"search_term_string\"}}],\"inLanguage\":\"vi\"},{\"@type\":\"Organization\",\"@id\":\"https:\\\/\\\/www.skyconstruction.com.au\\\/#organization\",\"name\":\"Sky Construction & Development\",\"url\":\"https:\\\/\\\/www.skyconstruction.com.au\\\/\",\"logo\":{\"@type\":\"ImageObject\",\"inLanguage\":\"vi\",\"@id\":\"https:\\\/\\\/www.skyconstruction.com.au\\\/#\\\/schema\\\/logo\\\/image\\\/\",\"url\":\"https:\\\/\\\/www.skyconstruction.com.au\\\/wp-content\\\/uploads\\\/2019\\\/06\\\/sky-logo.png\",\"contentUrl\":\"https:\\\/\\\/www.skyconstruction.com.au\\\/wp-content\\\/uploads\\\/2019\\\/06\\\/sky-logo.png\",\"width\":350,\"height\":350,\"caption\":\"Sky Construction & Development\"},\"image\":{\"@id\":\"https:\\\/\\\/www.skyconstruction.com.au\\\/#\\\/schema\\\/logo\\\/image\\\/\"}}]}<\/script>\n<!-- \/ Yoast SEO plugin. -->","yoast_head_json":{"title":"About Sky Construction Adelaide Builder","robots":{"index":"index","follow":"follow","max-snippet":"max-snippet:-1","max-image-preview":"max-image-preview:large","max-video-preview":"max-video-preview:-1"},"canonical":"https:\/\/www.skyconstruction.com.au\/vi\/about-us\/","og_locale":"vi_VN","og_type":"article","og_title":"About Sky Construction Adelaide Builder","og_description":"About Us Find out what Sky Construction &amp; Development is all about. Sky Construction &amp; Development is a property group specializing in property development and new home construction based in Adelaide, South Australia. From humble beginnings, the day we first opened our doors we have had one simple goal: to build quality homes for our [&hellip;]","og_url":"https:\/\/www.skyconstruction.com.au\/vi\/about-us\/","og_site_name":"Sky Construction &amp; Development","article_modified_time":"2019-09-12T00:47:05+00:00","og_image":[{"url":"https:\/\/www.skyconstruction.com.au\/wp-content\/uploads\/2019\/07\/sky-image-1.jpg","type":"","width":"","height":""}],"twitter_card":"summary_large_image","twitter_misc":{"\u01af\u1edbc t\u00ednh th\u1eddi gian \u0111\u1ecdc":"1 ph\u00fat"},"schema":{"@context":"https:\/\/schema.org","@graph":[{"@type":"WebPage","@id":"https:\/\/www.skyconstruction.com.au\/about-us\/","url":"https:\/\/www.skyconstruction.com.au\/about-us\/","name":"About Sky Construction Adelaide Builder","isPartOf":{"@id":"https:\/\/www.skyconstruction.com.au\/#website"},"primaryImageOfPage":{"@id":"https:\/\/www.skyconstruction.com.au\/about-us\/#primaryimage"},"image":{"@id":"https:\/\/www.skyconstruction.com.au\/about-us\/#primaryimage"},"thumbnailUrl":"https:\/\/www.skyconstruction.com.au\/wp-content\/uploads\/2019\/07\/sky-image-1.jpg","datePublished":"2019-06-30T08:25:37+00:00","dateModified":"2019-09-12T00:47:05+00:00","breadcrumb":{"@id":"https:\/\/www.skyconstruction.com.au\/about-us\/#breadcrumb"},"inLanguage":"vi","potentialAction":[{"@type":"ReadAction","target":["https:\/\/www.skyconstruction.com.au\/about-us\/"]}]},{"@type":"ImageObject","inLanguage":"vi","@id":"https:\/\/www.skyconstruction.com.au\/about-us\/#primaryimage","url":"https:\/\/www.skyconstruction.com.au\/wp-content\/uploads\/2019\/07\/sky-image-1.jpg","contentUrl":"https:\/\/www.skyconstruction.com.au\/wp-content\/uploads\/2019\/07\/sky-image-1.jpg"},{"@type":"BreadcrumbList","@id":"https:\/\/www.skyconstruction.com.au\/about-us\/#breadcrumb","itemListElement":[{"@type":"ListItem","position":1,"name":"Home","item":"https:\/\/www.skyconstruction.com.au\/"},{"@type":"ListItem","position":2,"name":"About Us"}]},{"@type":"WebSite","@id":"https:\/\/www.skyconstruction.com.au\/#website","url":"https:\/\/www.skyconstruction.com.au\/","name":"Sky Construction &amp; Development","description":"","publisher":{"@id":"https:\/\/www.skyconstruction.com.au\/#organization"},"potentialAction":[{"@type":"SearchAction","target":{"@type":"EntryPoint","urlTemplate":"https:\/\/www.skyconstruction.com.au\/?s={search_term_string}"},"query-input":{"@type":"PropertyValueSpecification","valueRequired":true,"valueName":"search_term_string"}}],"inLanguage":"vi"},{"@type":"Organization","@id":"https:\/\/www.skyconstruction.com.au\/#organization","name":"Sky Construction & Development","url":"https:\/\/www.skyconstruction.com.au\/","logo":{"@type":"ImageObject","inLanguage":"vi","@id":"https:\/\/www.skyconstruction.com.au\/#\/schema\/logo\/image\/","url":"https:\/\/www.skyconstruction.com.au\/wp-content\/uploads\/2019\/06\/sky-logo.png","contentUrl":"https:\/\/www.skyconstruction.com.au\/wp-content\/uploads\/2019\/06\/sky-logo.png","width":350,"height":350,"caption":"Sky Construction & Development"},"image":{"@id":"https:\/\/www.skyconstruction.com.au\/#\/schema\/logo\/image\/"}}]}},"_links":{"self":[{"href":"https:\/\/www.skyconstruction.com.au\/vi\/wp-json\/wp\/v2\/pages\/17","targetHints":{"allow":["GET"]}}],"collection":[{"href":"https:\/\/www.skyconstruction.com.au\/vi\/wp-json\/wp\/v2\/pages"}],"about":[{"href":"https:\/\/www.skyconstruction.com.au\/vi\/wp-json\/wp\/v2\/types\/page"}],"author":[{"embeddable":true,"href":"https:\/\/www.skyconstruction.com.au\/vi\/wp-json\/wp\/v2\/users\/1"}],"replies":[{"embeddable":true,"href":"https:\/\/www.skyconstruction.com.au\/vi\/wp-json\/wp\/v2\/comments?post=17"}],"version-history":[{"count":29,"href":"https:\/\/www.skyconstruction.com.au\/vi\/wp-json\/wp\/v2\/pages\/17\/revisions"}],"predecessor-version":[{"id":357,"href":"https:\/\/www.skyconstruction.com.au\/vi\/wp-json\/wp\/v2\/pages\/17\/revisions\/357"}],"wp:attachment":[{"href":"https:\/\/www.skyconstruction.com.au\/vi\/wp-json\/wp\/v2\/media?parent=17"}],"curies":[{"name":"wp","href":"https:\/\/api.w.org\/{rel}","templated":true}]}}