{"id":195,"date":"2019-07-11T23:21:51","date_gmt":"2019-07-11T13:51:51","guid":{"rendered":"https:\/\/www.skyconstruction.com.au\/?page_id=195"},"modified":"2019-08-18T18:26:10","modified_gmt":"2019-08-18T08:56:10","slug":"property-investment","status":"publish","type":"page","link":"https:\/\/www.skyconstruction.com.au\/vi\/property-investment\/","title":{"rendered":"\u0110\u1ea7u t\u01b0 mua nh\u00e0 m\u1edbi"},"content":{"rendered":"<div data-elementor-type=\"wp-post\" data-elementor-id=\"195\" class=\"elementor elementor-195\" data-elementor-post-type=\"page\">\n\t\t\t\t\t\t<section class=\"elementor-section elementor-top-section elementor-element elementor-element-57bccfd8 elementor-section-boxed elementor-section-height-default elementor-section-height-default\" data-id=\"57bccfd8\" data-element_type=\"section\" data-e-type=\"section\" data-settings=\"{&quot;background_background&quot;:&quot;classic&quot;}\">\n\t\t\t\t\t\t\t<div class=\"elementor-background-overlay\"><\/div>\n\t\t\t\t\t\t\t<div class=\"elementor-container elementor-column-gap-default\">\n\t\t\t\t\t<div class=\"elementor-column elementor-col-100 elementor-top-column elementor-element elementor-element-1390097c\" data-id=\"1390097c\" data-element_type=\"column\" data-e-type=\"column\">\n\t\t\t<div class=\"elementor-widget-wrap elementor-element-populated\">\n\t\t\t\t\t\t<div class=\"elementor-element elementor-element-c5bd5c5 elementor-widget elementor-widget-spacer\" data-id=\"c5bd5c5\" data-element_type=\"widget\" data-e-type=\"widget\" data-widget_type=\"spacer.default\">\n\t\t\t\t<div class=\"elementor-widget-container\">\n\t\t\t\t\t\t\t<div class=\"elementor-spacer\">\n\t\t\t<div class=\"elementor-spacer-inner\"><\/div>\n\t\t<\/div>\n\t\t\t\t\t\t<\/div>\n\t\t\t\t<\/div>\n\t\t\t\t<div class=\"elementor-element elementor-element-a15786e elementor-widget elementor-widget-heading\" data-id=\"a15786e\" data-element_type=\"widget\" data-e-type=\"widget\" data-widget_type=\"heading.default\">\n\t\t\t\t<div class=\"elementor-widget-container\">\n\t\t\t\t\t<h1 class=\"elementor-heading-title elementor-size-default\">\u0110\u1ea7u t\u01b0 mua nh\u00e0 m\u1edbi<\/h1>\t\t\t\t<\/div>\n\t\t\t\t<\/div>\n\t\t\t\t<div class=\"elementor-element elementor-element-df286a6 elementor-widget elementor-widget-heading\" data-id=\"df286a6\" data-element_type=\"widget\" data-e-type=\"widget\" data-widget_type=\"heading.default\">\n\t\t\t\t<div class=\"elementor-widget-container\">\n\t\t\t\t\t<h4 class=\"elementor-heading-title elementor-size-default\">Qu\u00fd kh\u00e1ch \u0111ang t\u00ecm mua m\u1ed9t ng\u00f4i nh\u00e0 m\u1edbi?<\/h4>\t\t\t\t<\/div>\n\t\t\t\t<\/div>\n\t\t\t\t<section class=\"elementor-section elementor-inner-section elementor-element elementor-element-1cdd4e96 elementor-section-content-middle elementor-section-boxed elementor-section-height-default elementor-section-height-default\" data-id=\"1cdd4e96\" data-element_type=\"section\" data-e-type=\"section\">\n\t\t\t\t\t\t<div class=\"elementor-container elementor-column-gap-default\">\n\t\t\t\t\t<div class=\"elementor-column elementor-col-50 elementor-inner-column elementor-element elementor-element-79beaa79\" data-id=\"79beaa79\" data-element_type=\"column\" data-e-type=\"column\">\n\t\t\t<div class=\"elementor-widget-wrap elementor-element-populated\">\n\t\t\t\t\t\t<div class=\"elementor-element elementor-element-25f9a6a elementor--h-position-center elementor--v-position-middle elementor-widget elementor-widget-slides\" data-id=\"25f9a6a\" data-element_type=\"widget\" data-e-type=\"widget\" data-settings=\"{&quot;navigation&quot;:&quot;none&quot;,&quot;transition&quot;:&quot;fade&quot;,&quot;autoplay&quot;:&quot;yes&quot;,&quot;pause_on_interaction&quot;:&quot;yes&quot;,&quot;autoplay_speed&quot;:5000,&quot;infinite&quot;:&quot;yes&quot;,&quot;transition_speed&quot;:500}\" data-widget_type=\"slides.default\">\n\t\t\t\t<div class=\"elementor-widget-container\">\n\t\t\t\t\t\t\t\t\t<div class=\"elementor-swiper\">\n\t\t\t\t\t<div class=\"elementor-slides-wrapper elementor-main-swiper swiper\" role=\"region\" aria-roledescription=\"carousel\" aria-label=\"Slides\" dir=\"ltr\" data-animation=\"\">\n\t\t\t\t<div class=\"swiper-wrapper elementor-slides\">\n\t\t\t\t\t\t\t\t\t\t<div class=\"elementor-repeater-item-cf0c5a8 swiper-slide\" role=\"group\" aria-roledescription=\"slide\"><div class=\"swiper-slide-bg\" role=\"img\" aria-label=\"sky-image-7\"><\/div><div class=\"swiper-slide-inner\" ><div class=\"swiper-slide-contents\"><\/div><\/div><\/div><div class=\"elementor-repeater-item-496113e swiper-slide\" role=\"group\" aria-roledescription=\"slide\"><div class=\"swiper-slide-bg\" role=\"img\" aria-label=\"sky-image-6\"><\/div><div class=\"swiper-slide-inner\" ><div class=\"swiper-slide-contents\"><\/div><\/div><\/div><div class=\"elementor-repeater-item-d65ac0d swiper-slide\" role=\"group\" aria-roledescription=\"slide\"><div class=\"swiper-slide-bg\" role=\"img\" aria-label=\"sky-image-8\"><\/div><div class=\"swiper-slide-inner\" ><div class=\"swiper-slide-contents\"><\/div><\/div><\/div><div class=\"elementor-repeater-item-7fdaec9 swiper-slide\" role=\"group\" aria-roledescription=\"slide\"><div class=\"swiper-slide-bg\" role=\"img\" aria-label=\"sky-image-9\"><\/div><div class=\"swiper-slide-inner\" ><div class=\"swiper-slide-contents\"><\/div><\/div><\/div>\t\t\t\t<\/div>\n\t\t\t\t\t\t\t\t\t\t\t\t\t\t\t\t\t\t\t\t\t<\/div>\n\t\t\t\t<\/div>\n\t\t\t\t\t\t\t\t<\/div>\n\t\t\t\t<\/div>\n\t\t\t\t\t<\/div>\n\t\t<\/div>\n\t\t\t\t<div class=\"elementor-column elementor-col-50 elementor-inner-column elementor-element elementor-element-1cb4a17f\" data-id=\"1cb4a17f\" data-element_type=\"column\" data-e-type=\"column\">\n\t\t\t<div class=\"elementor-widget-wrap elementor-element-populated\">\n\t\t\t\t\t\t<div class=\"elementor-element elementor-element-965756b elementor-widget elementor-widget-text-editor\" data-id=\"965756b\" data-element_type=\"widget\" data-e-type=\"widget\" data-widget_type=\"text-editor.default\">\n\t\t\t\t<div class=\"elementor-widget-container\">\n\t\t\t\t\t\t\t\t\t<p><strong>T\u1ea1i sao mua m\u1ed9t ng\u00f4i nh\u00e0 m\u1edbi t\u1eeb ch\u00fang t\u00f4i?<\/strong><\/p><p>D\u1ef1 \u00e1n c\u1ee7a ch\u00fang t\u00f4i c\u00f3 v\u1ecb tr\u00ed chi\u1ebfn l\u01b0\u1ee3c, \u1edf n\u01a1i \u0111\u00f4 th\u1ecb \u0111\u01b0\u1ee3c th\u00e0nh l\u1eadp \u0111\u00f4ng \u0111\u00fac, d\u1ec5 d\u00e0ng ti\u1ebfp c\u1eadn giao th\u00f4ng c\u00f4ng c\u1ed9ng, trung t\u00e2m mua s\u1eafm l\u1edbn, tr\u01b0\u1eddng h\u1ecdc, trung t\u00e2m y t\u1ebf v\u00e0 g\u1ea7n v\u1edbi t\u1ea5t c\u1ea3 nh\u1eefng l\u1ee3i \u00edch v\u00e0 thu\u1eadn l\u1ee3i v\u1ec1 l\u1ed1i s\u1ed1ng m\u00e0 th\u00e0nh ph\u1ed1 Adelaide, Nam \u00dac mang l\u1ea1i. Nh\u1eefng \u0111\u1ecba \u0111i\u1ec3m n\u00e0y l\u00e0m cho ng\u01b0\u1eddi thu\u00ea nh\u00e0 t\u00ecm ki\u1ebfm r\u1ea5t cao, v\u00e0 cung c\u1ea5p l\u1ee3i su\u1ea5t cho thu\u00ea cao v\u00e0 t\u0103ng tr\u01b0\u1edfng gi\u00e1 tr\u1ecb t\u00e0i s\u1ea3n m\u1ea1nh m\u1ebd trong t\u01b0\u01a1ng lai.<\/p><p><strong>Qu\u00fd kh\u00e1ch c\u00f3 th\u1ec3 an t\u00e2m mua nh\u00e0 t\u1eeb ch\u00ednh c\u00f4ng ty \u0111\u00e3 x\u00e2y d\u1ef1ng ra m\u1ed9t ng\u00f4i nh\u00e0 ch\u1ea5t l\u01b0\u1ee3ng.<\/strong><\/p><p>Khi qu\u00fd kh\u00e1ch mua m\u1ed9t ng\u00f4i nh\u00e0 t\u1eeb ch\u00fang t\u00f4i, qu\u00fd kh\u00e1ch c\u00f3 th\u1ec3 t\u1ef1 tin v\u00e0 an t\u00e2m r\u1eb1ng n\u00f3 \u0111\u00e3 \u0111\u01b0\u1ee3c x\u00e2y d\u1ef1ng b\u1eb1ng v\u1eadt li\u1ec7u ch\u1ea5t l\u01b0\u1ee3ng cao v\u00e0 s\u1ef1 kh\u00e9o l\u00e9o kh\u00f4ng khoan nh\u01b0\u1ee3ng trong tay ngh\u1ec1 c\u1ee7a nh\u1eefng ng\u01b0\u1eddi th\u1ee3 gi\u1ecfi nhi\u1ec1u n\u0103m kinh nghi\u1ec7m. \u0111i\u1ec1u \u0111\u00f3 c\u00f3 ngh\u0129a l\u00e0 tu\u1ed5i th\u1ecd v\u00e0 ch\u1ea5t l\u01b0\u1ee3ng c\u1ee7a ng\u00f4i nh\u00e0 \u0111\u01b0\u1ee3c \u0111\u1ea3m b\u1ea3o.<\/p><p>Ch\u00fang t\u00f4i s\u1ebd kh\u00f4ng \u0111\u1ec3 b\u1ea1n \u0111\u1ed1i ph\u00f3 v\u1edbi s\u1ef1 c\u0103ng th\u1eb3ng trong vi\u1ec7c qu\u1ea3n l\u00fd v\u00e0 duy tr\u00ec t\u00e0i s\u1ea3n \u0111\u1ea7u t\u01b0 c\u1ee7a b\u1ea1n. V\u00ec ch\u00fang t\u00f4i l\u00e0 ng\u01b0\u1eddi x\u00e2y d\u1ef1ng, ch\u00fang t\u00f4i cung c\u1ea5p d\u1ecbch v\u1ee5 sau b\u00e1n h\u00e0ng v\u00e0 qu\u1ea3n l\u00fd t\u00e0i s\u1ea3n \u0111\u1ea7u t\u01b0 \u0111ang di\u1ec5n ra \u0111\u1ec3 b\u1ea1n c\u00f3 th\u1ec3 ti\u1ebfp t\u1ee5c s\u1ed1ng cu\u1ed9c s\u1ed1ng c\u1ee7a m\u00ecnh khi bi\u1ebft kho\u1ea3n \u0111\u1ea7u t\u01b0 c\u1ee7a b\u1ea1n \u0111ang \u0111\u01b0\u1ee3c ch\u00fang t\u00f4i ch\u0103m s\u00f3c t\u1ed1t.<\/p>\t\t\t\t\t\t\t\t<\/div>\n\t\t\t\t<\/div>\n\t\t\t\t<div class=\"elementor-element elementor-element-8ce22ad elementor-mobile-align-center elementor-widget elementor-widget-button\" data-id=\"8ce22ad\" data-element_type=\"widget\" data-e-type=\"widget\" data-widget_type=\"button.default\">\n\t\t\t\t<div class=\"elementor-widget-container\">\n\t\t\t\t\t\t\t\t\t<div class=\"elementor-button-wrapper\">\n\t\t\t\t\t<a class=\"elementor-button elementor-button-link elementor-size-sm\" href=\"\/vi\/contact-us\/\">\n\t\t\t\t\t\t<span class=\"elementor-button-content-wrapper\">\n\t\t\t\t\t\t\t\t\t<span class=\"elementor-button-text\">Li\u00ean h\u1ec7 ch\u00fang t\u00f4i<\/span>\n\t\t\t\t\t<\/span>\n\t\t\t\t\t<\/a>\n\t\t\t\t<\/div>\n\t\t\t\t\t\t\t\t<\/div>\n\t\t\t\t<\/div>\n\t\t\t\t\t<\/div>\n\t\t<\/div>\n\t\t\t\t\t<\/div>\n\t\t<\/section>\n\t\t\t\t<div class=\"elementor-element elementor-element-2e2388e elementor-widget elementor-widget-spacer\" data-id=\"2e2388e\" data-element_type=\"widget\" data-e-type=\"widget\" data-widget_type=\"spacer.default\">\n\t\t\t\t<div class=\"elementor-widget-container\">\n\t\t\t\t\t\t\t<div class=\"elementor-spacer\">\n\t\t\t<div class=\"elementor-spacer-inner\"><\/div>\n\t\t<\/div>\n\t\t\t\t\t\t<\/div>\n\t\t\t\t<\/div>\n\t\t\t\t<section class=\"elementor-section elementor-inner-section elementor-element elementor-element-fe604d1 elementor-section-content-middle elementor-section-boxed elementor-section-height-default elementor-section-height-default\" data-id=\"fe604d1\" data-element_type=\"section\" data-e-type=\"section\">\n\t\t\t\t\t\t<div class=\"elementor-container elementor-column-gap-default\">\n\t\t\t\t\t<div class=\"elementor-column elementor-col-100 elementor-inner-column elementor-element elementor-element-83a1896\" data-id=\"83a1896\" data-element_type=\"column\" data-e-type=\"column\">\n\t\t\t<div class=\"elementor-widget-wrap\">\n\t\t\t\t\t\t\t<\/div>\n\t\t<\/div>\n\t\t\t\t\t<\/div>\n\t\t<\/section>\n\t\t\t\t<div class=\"elementor-element elementor-element-d31771 elementor-widget elementor-widget-spacer\" data-id=\"d31771\" data-element_type=\"widget\" data-e-type=\"widget\" data-widget_type=\"spacer.default\">\n\t\t\t\t<div class=\"elementor-widget-container\">\n\t\t\t\t\t\t\t<div class=\"elementor-spacer\">\n\t\t\t<div class=\"elementor-spacer-inner\"><\/div>\n\t\t<\/div>\n\t\t\t\t\t\t<\/div>\n\t\t\t\t<\/div>\n\t\t\t\t\t<\/div>\n\t\t<\/div>\n\t\t\t\t\t<\/div>\n\t\t<\/section>\n\t\t\t\t<\/div>","protected":false},"excerpt":{"rendered":"<p>Property Investment Looking to invest? Why Buy An Investment Property From Us? Our homes are strategically positioned in established suburbs with easy access to public transports, major shopping centres, schools and close to all the lifestyle benefits that Adelaide has to offer. These locations make our homes highly sought after by renters, and return high [&hellip;]<\/p>\n","protected":false},"author":1,"featured_media":0,"parent":0,"menu_order":0,"comment_status":"closed","ping_status":"closed","template":"","meta":{"footnotes":""},"class_list":["post-195","page","type-page","status-publish","hentry"],"yoast_head":"<!-- This site is optimized with the Yoast SEO plugin v27.4 - https:\/\/yoast.com\/product\/yoast-seo-wordpress\/ -->\n<title>Property Investment Adelaide Builder<\/title>\n<meta name=\"robots\" content=\"index, follow, max-snippet:-1, max-image-preview:large, max-video-preview:-1\" \/>\n<link rel=\"canonical\" href=\"https:\/\/www.skyconstruction.com.au\/vi\/property-investment\/\" \/>\n<meta property=\"og:locale\" content=\"vi_VN\" \/>\n<meta property=\"og:type\" content=\"article\" \/>\n<meta property=\"og:title\" content=\"Property Investment Adelaide Builder\" \/>\n<meta property=\"og:description\" content=\"Property Investment Looking to invest? Why Buy An Investment Property From Us? Our homes are strategically positioned in established suburbs with easy access to public transports, major shopping centres, schools and close to all the lifestyle benefits that Adelaide has to offer. These locations make our homes highly sought after by renters, and return high [&hellip;]\" \/>\n<meta property=\"og:url\" content=\"https:\/\/www.skyconstruction.com.au\/vi\/property-investment\/\" \/>\n<meta property=\"og:site_name\" content=\"Sky Construction &amp; Development\" \/>\n<meta property=\"article:modified_time\" content=\"2019-08-18T08:56:10+00:00\" \/>\n<meta name=\"twitter:card\" content=\"summary_large_image\" \/>\n<meta name=\"twitter:label1\" content=\"\u01af\u1edbc t\u00ednh th\u1eddi gian \u0111\u1ecdc\" \/>\n\t<meta name=\"twitter:data1\" content=\"1 ph\u00fat\" \/>\n<script type=\"application\/ld+json\" class=\"yoast-schema-graph\">{\"@context\":\"https:\\\/\\\/schema.org\",\"@graph\":[{\"@type\":\"WebPage\",\"@id\":\"https:\\\/\\\/www.skyconstruction.com.au\\\/vi\\\/property-investment\\\/\",\"url\":\"https:\\\/\\\/www.skyconstruction.com.au\\\/vi\\\/property-investment\\\/\",\"name\":\"Property Investment Adelaide Builder\",\"isPartOf\":{\"@id\":\"https:\\\/\\\/www.skyconstruction.com.au\\\/#website\"},\"datePublished\":\"2019-07-11T13:51:51+00:00\",\"dateModified\":\"2019-08-18T08:56:10+00:00\",\"breadcrumb\":{\"@id\":\"https:\\\/\\\/www.skyconstruction.com.au\\\/vi\\\/property-investment\\\/#breadcrumb\"},\"inLanguage\":\"vi\",\"potentialAction\":[{\"@type\":\"ReadAction\",\"target\":[\"https:\\\/\\\/www.skyconstruction.com.au\\\/vi\\\/property-investment\\\/\"]}]},{\"@type\":\"BreadcrumbList\",\"@id\":\"https:\\\/\\\/www.skyconstruction.com.au\\\/vi\\\/property-investment\\\/#breadcrumb\",\"itemListElement\":[{\"@type\":\"ListItem\",\"position\":1,\"name\":\"Home\",\"item\":\"https:\\\/\\\/www.skyconstruction.com.au\\\/\"},{\"@type\":\"ListItem\",\"position\":2,\"name\":\"Property Investment\"}]},{\"@type\":\"WebSite\",\"@id\":\"https:\\\/\\\/www.skyconstruction.com.au\\\/#website\",\"url\":\"https:\\\/\\\/www.skyconstruction.com.au\\\/\",\"name\":\"Sky Construction &amp; Development\",\"description\":\"\",\"publisher\":{\"@id\":\"https:\\\/\\\/www.skyconstruction.com.au\\\/#organization\"},\"potentialAction\":[{\"@type\":\"SearchAction\",\"target\":{\"@type\":\"EntryPoint\",\"urlTemplate\":\"https:\\\/\\\/www.skyconstruction.com.au\\\/?s={search_term_string}\"},\"query-input\":{\"@type\":\"PropertyValueSpecification\",\"valueRequired\":true,\"valueName\":\"search_term_string\"}}],\"inLanguage\":\"vi\"},{\"@type\":\"Organization\",\"@id\":\"https:\\\/\\\/www.skyconstruction.com.au\\\/#organization\",\"name\":\"Sky Construction & Development\",\"url\":\"https:\\\/\\\/www.skyconstruction.com.au\\\/\",\"logo\":{\"@type\":\"ImageObject\",\"inLanguage\":\"vi\",\"@id\":\"https:\\\/\\\/www.skyconstruction.com.au\\\/#\\\/schema\\\/logo\\\/image\\\/\",\"url\":\"https:\\\/\\\/www.skyconstruction.com.au\\\/wp-content\\\/uploads\\\/2019\\\/06\\\/sky-logo.png\",\"contentUrl\":\"https:\\\/\\\/www.skyconstruction.com.au\\\/wp-content\\\/uploads\\\/2019\\\/06\\\/sky-logo.png\",\"width\":350,\"height\":350,\"caption\":\"Sky Construction & Development\"},\"image\":{\"@id\":\"https:\\\/\\\/www.skyconstruction.com.au\\\/#\\\/schema\\\/logo\\\/image\\\/\"}}]}<\/script>\n<!-- \/ Yoast SEO plugin. -->","yoast_head_json":{"title":"Property Investment Adelaide Builder","robots":{"index":"index","follow":"follow","max-snippet":"max-snippet:-1","max-image-preview":"max-image-preview:large","max-video-preview":"max-video-preview:-1"},"canonical":"https:\/\/www.skyconstruction.com.au\/vi\/property-investment\/","og_locale":"vi_VN","og_type":"article","og_title":"Property Investment Adelaide Builder","og_description":"Property Investment Looking to invest? Why Buy An Investment Property From Us? Our homes are strategically positioned in established suburbs with easy access to public transports, major shopping centres, schools and close to all the lifestyle benefits that Adelaide has to offer. These locations make our homes highly sought after by renters, and return high [&hellip;]","og_url":"https:\/\/www.skyconstruction.com.au\/vi\/property-investment\/","og_site_name":"Sky Construction &amp; Development","article_modified_time":"2019-08-18T08:56:10+00:00","twitter_card":"summary_large_image","twitter_misc":{"\u01af\u1edbc t\u00ednh th\u1eddi gian \u0111\u1ecdc":"1 ph\u00fat"},"schema":{"@context":"https:\/\/schema.org","@graph":[{"@type":"WebPage","@id":"https:\/\/www.skyconstruction.com.au\/vi\/property-investment\/","url":"https:\/\/www.skyconstruction.com.au\/vi\/property-investment\/","name":"Property Investment Adelaide Builder","isPartOf":{"@id":"https:\/\/www.skyconstruction.com.au\/#website"},"datePublished":"2019-07-11T13:51:51+00:00","dateModified":"2019-08-18T08:56:10+00:00","breadcrumb":{"@id":"https:\/\/www.skyconstruction.com.au\/vi\/property-investment\/#breadcrumb"},"inLanguage":"vi","potentialAction":[{"@type":"ReadAction","target":["https:\/\/www.skyconstruction.com.au\/vi\/property-investment\/"]}]},{"@type":"BreadcrumbList","@id":"https:\/\/www.skyconstruction.com.au\/vi\/property-investment\/#breadcrumb","itemListElement":[{"@type":"ListItem","position":1,"name":"Home","item":"https:\/\/www.skyconstruction.com.au\/"},{"@type":"ListItem","position":2,"name":"Property Investment"}]},{"@type":"WebSite","@id":"https:\/\/www.skyconstruction.com.au\/#website","url":"https:\/\/www.skyconstruction.com.au\/","name":"Sky Construction &amp; Development","description":"","publisher":{"@id":"https:\/\/www.skyconstruction.com.au\/#organization"},"potentialAction":[{"@type":"SearchAction","target":{"@type":"EntryPoint","urlTemplate":"https:\/\/www.skyconstruction.com.au\/?s={search_term_string}"},"query-input":{"@type":"PropertyValueSpecification","valueRequired":true,"valueName":"search_term_string"}}],"inLanguage":"vi"},{"@type":"Organization","@id":"https:\/\/www.skyconstruction.com.au\/#organization","name":"Sky Construction & Development","url":"https:\/\/www.skyconstruction.com.au\/","logo":{"@type":"ImageObject","inLanguage":"vi","@id":"https:\/\/www.skyconstruction.com.au\/#\/schema\/logo\/image\/","url":"https:\/\/www.skyconstruction.com.au\/wp-content\/uploads\/2019\/06\/sky-logo.png","contentUrl":"https:\/\/www.skyconstruction.com.au\/wp-content\/uploads\/2019\/06\/sky-logo.png","width":350,"height":350,"caption":"Sky Construction & Development"},"image":{"@id":"https:\/\/www.skyconstruction.com.au\/#\/schema\/logo\/image\/"}}]}},"_links":{"self":[{"href":"https:\/\/www.skyconstruction.com.au\/vi\/wp-json\/wp\/v2\/pages\/195","targetHints":{"allow":["GET"]}}],"collection":[{"href":"https:\/\/www.skyconstruction.com.au\/vi\/wp-json\/wp\/v2\/pages"}],"about":[{"href":"https:\/\/www.skyconstruction.com.au\/vi\/wp-json\/wp\/v2\/types\/page"}],"author":[{"embeddable":true,"href":"https:\/\/www.skyconstruction.com.au\/vi\/wp-json\/wp\/v2\/users\/1"}],"replies":[{"embeddable":true,"href":"https:\/\/www.skyconstruction.com.au\/vi\/wp-json\/wp\/v2\/comments?post=195"}],"version-history":[{"count":10,"href":"https:\/\/www.skyconstruction.com.au\/vi\/wp-json\/wp\/v2\/pages\/195\/revisions"}],"predecessor-version":[{"id":322,"href":"https:\/\/www.skyconstruction.com.au\/vi\/wp-json\/wp\/v2\/pages\/195\/revisions\/322"}],"wp:attachment":[{"href":"https:\/\/www.skyconstruction.com.au\/vi\/wp-json\/wp\/v2\/media?parent=195"}],"curies":[{"name":"wp","href":"https:\/\/api.w.org\/{rel}","templated":true}]}}