{"id":302,"date":"2019-08-18T17:54:53","date_gmt":"2019-08-18T08:24:53","guid":{"rendered":"https:\/\/www.skyconstruction.com.au\/?page_id=302"},"modified":"2019-09-04T03:07:50","modified_gmt":"2019-09-03T17:37:50","slug":"single-story-designs","status":"publish","type":"page","link":"https:\/\/www.skyconstruction.com.au\/vi\/single-story-designs\/","title":{"rendered":"Thi\u1ebft k\u1ebf c\u00e2u chuy\u1ec7n \u0111\u01a1n"},"content":{"rendered":"<div data-elementor-type=\"wp-post\" data-elementor-id=\"302\" class=\"elementor elementor-302\" data-elementor-post-type=\"page\">\n\t\t\t\t\t\t<section class=\"elementor-section elementor-top-section elementor-element elementor-element-4635b36d elementor-section-boxed elementor-section-height-default elementor-section-height-default\" data-id=\"4635b36d\" data-element_type=\"section\" data-e-type=\"section\" data-settings=\"{&quot;background_background&quot;:&quot;classic&quot;}\">\n\t\t\t\t\t\t\t<div class=\"elementor-background-overlay\"><\/div>\n\t\t\t\t\t\t\t<div class=\"elementor-container elementor-column-gap-default\">\n\t\t\t\t\t<div class=\"elementor-column elementor-col-100 elementor-top-column elementor-element elementor-element-4c008e2e\" data-id=\"4c008e2e\" data-element_type=\"column\" data-e-type=\"column\">\n\t\t\t<div class=\"elementor-widget-wrap elementor-element-populated\">\n\t\t\t\t\t\t<div class=\"elementor-element elementor-element-5bfcbc87 elementor-widget elementor-widget-spacer\" data-id=\"5bfcbc87\" data-element_type=\"widget\" data-e-type=\"widget\" data-widget_type=\"spacer.default\">\n\t\t\t\t<div class=\"elementor-widget-container\">\n\t\t\t\t\t\t\t<div class=\"elementor-spacer\">\n\t\t\t<div class=\"elementor-spacer-inner\"><\/div>\n\t\t<\/div>\n\t\t\t\t\t\t<\/div>\n\t\t\t\t<\/div>\n\t\t\t\t<div class=\"elementor-element elementor-element-68cd50cf elementor-widget elementor-widget-heading\" data-id=\"68cd50cf\" data-element_type=\"widget\" data-e-type=\"widget\" data-widget_type=\"heading.default\">\n\t\t\t\t<div class=\"elementor-widget-container\">\n\t\t\t\t\t<h1 class=\"elementor-heading-title elementor-size-default\">Thi\u1ebft k\u1ebf c\u00e2u chuy\u1ec7n \u0111\u01a1n<\/h1>\t\t\t\t<\/div>\n\t\t\t\t<\/div>\n\t\t\t\t<div class=\"elementor-element elementor-element-74986dc7 elementor-widget elementor-widget-heading\" data-id=\"74986dc7\" data-element_type=\"widget\" data-e-type=\"widget\" data-widget_type=\"heading.default\">\n\t\t\t\t<div class=\"elementor-widget-container\">\n\t\t\t\t\t<h4 class=\"elementor-heading-title elementor-size-default\">Nh\u1ea5n v\u00e0o \u0111\u00e2y \u0111\u1ec3 xem h\u00ecnh \u1ea3nh l\u1edbn h\u01a1n<\/h4>\t\t\t\t<\/div>\n\t\t\t\t<\/div>\n\t\t\t\t<section class=\"elementor-section elementor-inner-section elementor-element elementor-element-10e85e2 elementor-section-boxed elementor-section-height-default elementor-section-height-default\" data-id=\"10e85e2\" data-element_type=\"section\" data-e-type=\"section\">\n\t\t\t\t\t\t<div class=\"elementor-container elementor-column-gap-default\">\n\t\t\t\t\t<div class=\"elementor-column elementor-col-33 elementor-inner-column elementor-element elementor-element-b55eeef\" data-id=\"b55eeef\" data-element_type=\"column\" data-e-type=\"column\">\n\t\t\t<div class=\"elementor-widget-wrap elementor-element-populated\">\n\t\t\t\t\t\t<div class=\"elementor-element elementor-element-8cd6092 elementor-widget elementor-widget-image\" data-id=\"8cd6092\" data-element_type=\"widget\" data-e-type=\"widget\" data-widget_type=\"image.default\">\n\t\t\t\t<div class=\"elementor-widget-container\">\n\t\t\t\t\t\t\t\t\t\t\t\t\t\t\t\t<a href=\"https:\/\/www.skyconstruction.com.au\/wp-content\/uploads\/2019\/09\/sky-image-plan-large-singlestory4.jpg\" data-elementor-open-lightbox=\"yes\" data-elementor-lightbox-title=\"sky-image-plan-large-singlestory4\" data-e-action-hash=\"#elementor-action%3Aaction%3Dlightbox%26settings%3DeyJpZCI6MzQzLCJ1cmwiOiJodHRwczpcL1wvd3d3LnNreWNvbnN0cnVjdGlvbi5jb20uYXVcL3dwLWNvbnRlbnRcL3VwbG9hZHNcLzIwMTlcLzA5XC9za3ktaW1hZ2UtcGxhbi1sYXJnZS1zaW5nbGVzdG9yeTQuanBnIn0%3D\">\n\t\t\t\t\t\t\t<img fetchpriority=\"high\" decoding=\"async\" width=\"1632\" height=\"3157\" src=\"https:\/\/www.skyconstruction.com.au\/wp-content\/uploads\/2019\/09\/sky-image-plan-large-singlestory4.jpg\" class=\"attachment-full size-full wp-image-343\" alt=\"\" srcset=\"https:\/\/www.skyconstruction.com.au\/wp-content\/uploads\/2019\/09\/sky-image-plan-large-singlestory4.jpg 1632w, https:\/\/www.skyconstruction.com.au\/wp-content\/uploads\/2019\/09\/sky-image-plan-large-singlestory4-155x300.jpg 155w, https:\/\/www.skyconstruction.com.au\/wp-content\/uploads\/2019\/09\/sky-image-plan-large-singlestory4-768x1486.jpg 768w, https:\/\/www.skyconstruction.com.au\/wp-content\/uploads\/2019\/09\/sky-image-plan-large-singlestory4-529x1024.jpg 529w\" sizes=\"(max-width: 1632px) 100vw, 1632px\" \/>\t\t\t\t\t\t\t\t<\/a>\n\t\t\t\t\t\t\t\t\t\t\t\t\t\t\t<\/div>\n\t\t\t\t<\/div>\n\t\t\t\t\t<\/div>\n\t\t<\/div>\n\t\t\t\t<div class=\"elementor-column elementor-col-33 elementor-inner-column elementor-element elementor-element-4c12cd2\" data-id=\"4c12cd2\" data-element_type=\"column\" data-e-type=\"column\">\n\t\t\t<div class=\"elementor-widget-wrap elementor-element-populated\">\n\t\t\t\t\t\t<div class=\"elementor-element elementor-element-fb16aab elementor-widget elementor-widget-image\" data-id=\"fb16aab\" data-element_type=\"widget\" data-e-type=\"widget\" data-widget_type=\"image.default\">\n\t\t\t\t<div class=\"elementor-widget-container\">\n\t\t\t\t\t\t\t\t\t\t\t\t\t\t\t\t<a href=\"https:\/\/www.skyconstruction.com.au\/wp-content\/uploads\/2019\/09\/sky-image-plan-large-singlestory2.jpg\" data-elementor-open-lightbox=\"yes\" data-elementor-lightbox-title=\"sky-image-plan-large-singlestory2\" data-e-action-hash=\"#elementor-action%3Aaction%3Dlightbox%26settings%3DeyJpZCI6MzQxLCJ1cmwiOiJodHRwczpcL1wvd3d3LnNreWNvbnN0cnVjdGlvbi5jb20uYXVcL3dwLWNvbnRlbnRcL3VwbG9hZHNcLzIwMTlcLzA5XC9za3ktaW1hZ2UtcGxhbi1sYXJnZS1zaW5nbGVzdG9yeTIuanBnIn0%3D\">\n\t\t\t\t\t\t\t<img decoding=\"async\" width=\"1358\" height=\"3157\" src=\"https:\/\/www.skyconstruction.com.au\/wp-content\/uploads\/2019\/09\/sky-image-plan-large-singlestory2.jpg\" class=\"attachment-full size-full wp-image-341\" alt=\"\" srcset=\"https:\/\/www.skyconstruction.com.au\/wp-content\/uploads\/2019\/09\/sky-image-plan-large-singlestory2.jpg 1358w, https:\/\/www.skyconstruction.com.au\/wp-content\/uploads\/2019\/09\/sky-image-plan-large-singlestory2-129x300.jpg 129w, https:\/\/www.skyconstruction.com.au\/wp-content\/uploads\/2019\/09\/sky-image-plan-large-singlestory2-768x1785.jpg 768w, https:\/\/www.skyconstruction.com.au\/wp-content\/uploads\/2019\/09\/sky-image-plan-large-singlestory2-440x1024.jpg 440w\" sizes=\"(max-width: 1358px) 100vw, 1358px\" \/>\t\t\t\t\t\t\t\t<\/a>\n\t\t\t\t\t\t\t\t\t\t\t\t\t\t\t<\/div>\n\t\t\t\t<\/div>\n\t\t\t\t\t<\/div>\n\t\t<\/div>\n\t\t\t\t<div class=\"elementor-column elementor-col-33 elementor-inner-column elementor-element elementor-element-13db9f6\" data-id=\"13db9f6\" data-element_type=\"column\" data-e-type=\"column\">\n\t\t\t<div class=\"elementor-widget-wrap elementor-element-populated\">\n\t\t\t\t\t\t<div class=\"elementor-element elementor-element-ef782da elementor-widget elementor-widget-image\" data-id=\"ef782da\" data-element_type=\"widget\" data-e-type=\"widget\" data-widget_type=\"image.default\">\n\t\t\t\t<div class=\"elementor-widget-container\">\n\t\t\t\t\t\t\t\t\t\t\t\t\t\t\t\t<a href=\"https:\/\/www.skyconstruction.com.au\/wp-content\/uploads\/2019\/09\/sky-image-plan-large-singlestory3.jpg\" data-elementor-open-lightbox=\"yes\" data-elementor-lightbox-title=\"sky-image-plan-large-singlestory3\" data-e-action-hash=\"#elementor-action%3Aaction%3Dlightbox%26settings%3DeyJpZCI6MzQyLCJ1cmwiOiJodHRwczpcL1wvd3d3LnNreWNvbnN0cnVjdGlvbi5jb20uYXVcL3dwLWNvbnRlbnRcL3VwbG9hZHNcLzIwMTlcLzA5XC9za3ktaW1hZ2UtcGxhbi1sYXJnZS1zaW5nbGVzdG9yeTMuanBnIn0%3D\">\n\t\t\t\t\t\t\t<img decoding=\"async\" width=\"1920\" height=\"2838\" src=\"https:\/\/www.skyconstruction.com.au\/wp-content\/uploads\/2019\/09\/sky-image-plan-large-singlestory3.jpg\" class=\"attachment-full size-full wp-image-342\" alt=\"\" srcset=\"https:\/\/www.skyconstruction.com.au\/wp-content\/uploads\/2019\/09\/sky-image-plan-large-singlestory3.jpg 1920w, https:\/\/www.skyconstruction.com.au\/wp-content\/uploads\/2019\/09\/sky-image-plan-large-singlestory3-203x300.jpg 203w, https:\/\/www.skyconstruction.com.au\/wp-content\/uploads\/2019\/09\/sky-image-plan-large-singlestory3-768x1135.jpg 768w, https:\/\/www.skyconstruction.com.au\/wp-content\/uploads\/2019\/09\/sky-image-plan-large-singlestory3-693x1024.jpg 693w\" sizes=\"(max-width: 1920px) 100vw, 1920px\" \/>\t\t\t\t\t\t\t\t<\/a>\n\t\t\t\t\t\t\t\t\t\t\t\t\t\t\t<\/div>\n\t\t\t\t<\/div>\n\t\t\t\t\t<\/div>\n\t\t<\/div>\n\t\t\t\t\t<\/div>\n\t\t<\/section>\n\t\t\t\t<section class=\"elementor-section elementor-inner-section elementor-element elementor-element-3989d59 elementor-section-boxed elementor-section-height-default elementor-section-height-default\" data-id=\"3989d59\" data-element_type=\"section\" data-e-type=\"section\">\n\t\t\t\t\t\t<div class=\"elementor-container elementor-column-gap-default\">\n\t\t\t\t\t<div class=\"elementor-column elementor-col-100 elementor-inner-column elementor-element elementor-element-086d0dc\" data-id=\"086d0dc\" data-element_type=\"column\" data-e-type=\"column\">\n\t\t\t<div class=\"elementor-widget-wrap elementor-element-populated\">\n\t\t\t\t\t\t<div class=\"elementor-element elementor-element-2e88bb9 elementor-widget elementor-widget-image\" data-id=\"2e88bb9\" data-element_type=\"widget\" data-e-type=\"widget\" data-widget_type=\"image.default\">\n\t\t\t\t<div class=\"elementor-widget-container\">\n\t\t\t\t\t\t\t\t\t\t\t\t\t\t\t\t<a href=\"https:\/\/www.skyconstruction.com.au\/wp-content\/uploads\/2019\/09\/sky-image-plan-large-singlestory1.jpg\" data-elementor-open-lightbox=\"yes\" data-elementor-lightbox-title=\"sky-image-plan-large-singlestory1\" data-e-action-hash=\"#elementor-action%3Aaction%3Dlightbox%26settings%3DeyJpZCI6MzQwLCJ1cmwiOiJodHRwczpcL1wvd3d3LnNreWNvbnN0cnVjdGlvbi5jb20uYXVcL3dwLWNvbnRlbnRcL3VwbG9hZHNcLzIwMTlcLzA5XC9za3ktaW1hZ2UtcGxhbi1sYXJnZS1zaW5nbGVzdG9yeTEuanBnIn0%3D\">\n\t\t\t\t\t\t\t<img loading=\"lazy\" decoding=\"async\" width=\"3155\" height=\"1474\" src=\"https:\/\/www.skyconstruction.com.au\/wp-content\/uploads\/2019\/09\/sky-image-plan-large-singlestory1.jpg\" class=\"attachment-full size-full wp-image-340\" alt=\"\" srcset=\"https:\/\/www.skyconstruction.com.au\/wp-content\/uploads\/2019\/09\/sky-image-plan-large-singlestory1.jpg 3155w, https:\/\/www.skyconstruction.com.au\/wp-content\/uploads\/2019\/09\/sky-image-plan-large-singlestory1-300x140.jpg 300w, https:\/\/www.skyconstruction.com.au\/wp-content\/uploads\/2019\/09\/sky-image-plan-large-singlestory1-768x359.jpg 768w, https:\/\/www.skyconstruction.com.au\/wp-content\/uploads\/2019\/09\/sky-image-plan-large-singlestory1-1024x478.jpg 1024w\" sizes=\"(max-width: 3155px) 100vw, 3155px\" \/>\t\t\t\t\t\t\t\t<\/a>\n\t\t\t\t\t\t\t\t\t\t\t\t\t\t\t<\/div>\n\t\t\t\t<\/div>\n\t\t\t\t\t<\/div>\n\t\t<\/div>\n\t\t\t\t\t<\/div>\n\t\t<\/section>\n\t\t\t\t<div class=\"elementor-element elementor-element-3332b1b3 elementor-widget elementor-widget-spacer\" data-id=\"3332b1b3\" data-element_type=\"widget\" data-e-type=\"widget\" data-widget_type=\"spacer.default\">\n\t\t\t\t<div class=\"elementor-widget-container\">\n\t\t\t\t\t\t\t<div class=\"elementor-spacer\">\n\t\t\t<div class=\"elementor-spacer-inner\"><\/div>\n\t\t<\/div>\n\t\t\t\t\t\t<\/div>\n\t\t\t\t<\/div>\n\t\t\t\t\t<\/div>\n\t\t<\/div>\n\t\t\t\t\t<\/div>\n\t\t<\/section>\n\t\t\t\t<\/div>","protected":false},"excerpt":{"rendered":"<p>Single Story Designs Click to view a larger image<\/p>","protected":false},"author":1,"featured_media":0,"parent":0,"menu_order":0,"comment_status":"closed","ping_status":"closed","template":"","meta":{"footnotes":""},"class_list":["post-302","page","type-page","status-publish","hentry"],"yoast_head":"<!-- This site is optimized with the Yoast SEO plugin v27.4 - https:\/\/yoast.com\/product\/yoast-seo-wordpress\/ -->\n<title>Single Story Building Designs Adelaide<\/title>\n<meta name=\"robots\" content=\"index, follow, max-snippet:-1, max-image-preview:large, max-video-preview:-1\" \/>\n<link rel=\"canonical\" href=\"https:\/\/www.skyconstruction.com.au\/vi\/single-story-designs\/\" \/>\n<meta property=\"og:locale\" content=\"vi_VN\" \/>\n<meta property=\"og:type\" content=\"article\" \/>\n<meta property=\"og:title\" content=\"Single Story Building Designs Adelaide\" \/>\n<meta property=\"og:description\" content=\"Single Story Designs Click to view a larger image\" \/>\n<meta property=\"og:url\" content=\"https:\/\/www.skyconstruction.com.au\/vi\/single-story-designs\/\" \/>\n<meta property=\"og:site_name\" content=\"Sky Construction &amp; Development\" \/>\n<meta property=\"article:modified_time\" content=\"2019-09-03T17:37:50+00:00\" \/>\n<meta property=\"og:image\" content=\"https:\/\/www.skyconstruction.com.au\/wp-content\/uploads\/2019\/09\/sky-image-plan-large-singlestory4.jpg\" \/>\n<meta name=\"twitter:card\" content=\"summary_large_image\" \/>\n<script type=\"application\/ld+json\" class=\"yoast-schema-graph\">{\"@context\":\"https:\\\/\\\/schema.org\",\"@graph\":[{\"@type\":\"WebPage\",\"@id\":\"https:\\\/\\\/www.skyconstruction.com.au\\\/single-story-designs\\\/\",\"url\":\"https:\\\/\\\/www.skyconstruction.com.au\\\/single-story-designs\\\/\",\"name\":\"Single Story Building Designs Adelaide\",\"isPartOf\":{\"@id\":\"https:\\\/\\\/www.skyconstruction.com.au\\\/#website\"},\"primaryImageOfPage\":{\"@id\":\"https:\\\/\\\/www.skyconstruction.com.au\\\/single-story-designs\\\/#primaryimage\"},\"image\":{\"@id\":\"https:\\\/\\\/www.skyconstruction.com.au\\\/single-story-designs\\\/#primaryimage\"},\"thumbnailUrl\":\"https:\\\/\\\/www.skyconstruction.com.au\\\/wp-content\\\/uploads\\\/2019\\\/09\\\/sky-image-plan-large-singlestory4.jpg\",\"datePublished\":\"2019-08-18T08:24:53+00:00\",\"dateModified\":\"2019-09-03T17:37:50+00:00\",\"breadcrumb\":{\"@id\":\"https:\\\/\\\/www.skyconstruction.com.au\\\/single-story-designs\\\/#breadcrumb\"},\"inLanguage\":\"vi\",\"potentialAction\":[{\"@type\":\"ReadAction\",\"target\":[\"https:\\\/\\\/www.skyconstruction.com.au\\\/single-story-designs\\\/\"]}]},{\"@type\":\"ImageObject\",\"inLanguage\":\"vi\",\"@id\":\"https:\\\/\\\/www.skyconstruction.com.au\\\/single-story-designs\\\/#primaryimage\",\"url\":\"https:\\\/\\\/www.skyconstruction.com.au\\\/wp-content\\\/uploads\\\/2019\\\/09\\\/sky-image-plan-large-singlestory4.jpg\",\"contentUrl\":\"https:\\\/\\\/www.skyconstruction.com.au\\\/wp-content\\\/uploads\\\/2019\\\/09\\\/sky-image-plan-large-singlestory4.jpg\"},{\"@type\":\"BreadcrumbList\",\"@id\":\"https:\\\/\\\/www.skyconstruction.com.au\\\/single-story-designs\\\/#breadcrumb\",\"itemListElement\":[{\"@type\":\"ListItem\",\"position\":1,\"name\":\"Home\",\"item\":\"https:\\\/\\\/www.skyconstruction.com.au\\\/\"},{\"@type\":\"ListItem\",\"position\":2,\"name\":\"Single Story Designs\"}]},{\"@type\":\"WebSite\",\"@id\":\"https:\\\/\\\/www.skyconstruction.com.au\\\/#website\",\"url\":\"https:\\\/\\\/www.skyconstruction.com.au\\\/\",\"name\":\"Sky Construction &amp; Development\",\"description\":\"\",\"publisher\":{\"@id\":\"https:\\\/\\\/www.skyconstruction.com.au\\\/#organization\"},\"potentialAction\":[{\"@type\":\"SearchAction\",\"target\":{\"@type\":\"EntryPoint\",\"urlTemplate\":\"https:\\\/\\\/www.skyconstruction.com.au\\\/?s={search_term_string}\"},\"query-input\":{\"@type\":\"PropertyValueSpecification\",\"valueRequired\":true,\"valueName\":\"search_term_string\"}}],\"inLanguage\":\"vi\"},{\"@type\":\"Organization\",\"@id\":\"https:\\\/\\\/www.skyconstruction.com.au\\\/#organization\",\"name\":\"Sky Construction & Development\",\"url\":\"https:\\\/\\\/www.skyconstruction.com.au\\\/\",\"logo\":{\"@type\":\"ImageObject\",\"inLanguage\":\"vi\",\"@id\":\"https:\\\/\\\/www.skyconstruction.com.au\\\/#\\\/schema\\\/logo\\\/image\\\/\",\"url\":\"https:\\\/\\\/www.skyconstruction.com.au\\\/wp-content\\\/uploads\\\/2019\\\/06\\\/sky-logo.png\",\"contentUrl\":\"https:\\\/\\\/www.skyconstruction.com.au\\\/wp-content\\\/uploads\\\/2019\\\/06\\\/sky-logo.png\",\"width\":350,\"height\":350,\"caption\":\"Sky Construction & Development\"},\"image\":{\"@id\":\"https:\\\/\\\/www.skyconstruction.com.au\\\/#\\\/schema\\\/logo\\\/image\\\/\"}}]}<\/script>\n<!-- \/ Yoast SEO plugin. -->","yoast_head_json":{"title":"Single Story Building Designs Adelaide","robots":{"index":"index","follow":"follow","max-snippet":"max-snippet:-1","max-image-preview":"max-image-preview:large","max-video-preview":"max-video-preview:-1"},"canonical":"https:\/\/www.skyconstruction.com.au\/vi\/single-story-designs\/","og_locale":"vi_VN","og_type":"article","og_title":"Single Story Building Designs Adelaide","og_description":"Single Story Designs Click to view a larger image","og_url":"https:\/\/www.skyconstruction.com.au\/vi\/single-story-designs\/","og_site_name":"Sky Construction &amp; Development","article_modified_time":"2019-09-03T17:37:50+00:00","og_image":[{"url":"https:\/\/www.skyconstruction.com.au\/wp-content\/uploads\/2019\/09\/sky-image-plan-large-singlestory4.jpg","type":"","width":"","height":""}],"twitter_card":"summary_large_image","schema":{"@context":"https:\/\/schema.org","@graph":[{"@type":"WebPage","@id":"https:\/\/www.skyconstruction.com.au\/single-story-designs\/","url":"https:\/\/www.skyconstruction.com.au\/single-story-designs\/","name":"Single Story Building Designs Adelaide","isPartOf":{"@id":"https:\/\/www.skyconstruction.com.au\/#website"},"primaryImageOfPage":{"@id":"https:\/\/www.skyconstruction.com.au\/single-story-designs\/#primaryimage"},"image":{"@id":"https:\/\/www.skyconstruction.com.au\/single-story-designs\/#primaryimage"},"thumbnailUrl":"https:\/\/www.skyconstruction.com.au\/wp-content\/uploads\/2019\/09\/sky-image-plan-large-singlestory4.jpg","datePublished":"2019-08-18T08:24:53+00:00","dateModified":"2019-09-03T17:37:50+00:00","breadcrumb":{"@id":"https:\/\/www.skyconstruction.com.au\/single-story-designs\/#breadcrumb"},"inLanguage":"vi","potentialAction":[{"@type":"ReadAction","target":["https:\/\/www.skyconstruction.com.au\/single-story-designs\/"]}]},{"@type":"ImageObject","inLanguage":"vi","@id":"https:\/\/www.skyconstruction.com.au\/single-story-designs\/#primaryimage","url":"https:\/\/www.skyconstruction.com.au\/wp-content\/uploads\/2019\/09\/sky-image-plan-large-singlestory4.jpg","contentUrl":"https:\/\/www.skyconstruction.com.au\/wp-content\/uploads\/2019\/09\/sky-image-plan-large-singlestory4.jpg"},{"@type":"BreadcrumbList","@id":"https:\/\/www.skyconstruction.com.au\/single-story-designs\/#breadcrumb","itemListElement":[{"@type":"ListItem","position":1,"name":"Home","item":"https:\/\/www.skyconstruction.com.au\/"},{"@type":"ListItem","position":2,"name":"Single Story Designs"}]},{"@type":"WebSite","@id":"https:\/\/www.skyconstruction.com.au\/#website","url":"https:\/\/www.skyconstruction.com.au\/","name":"Sky Construction &amp; Development","description":"","publisher":{"@id":"https:\/\/www.skyconstruction.com.au\/#organization"},"potentialAction":[{"@type":"SearchAction","target":{"@type":"EntryPoint","urlTemplate":"https:\/\/www.skyconstruction.com.au\/?s={search_term_string}"},"query-input":{"@type":"PropertyValueSpecification","valueRequired":true,"valueName":"search_term_string"}}],"inLanguage":"vi"},{"@type":"Organization","@id":"https:\/\/www.skyconstruction.com.au\/#organization","name":"Sky Construction & Development","url":"https:\/\/www.skyconstruction.com.au\/","logo":{"@type":"ImageObject","inLanguage":"vi","@id":"https:\/\/www.skyconstruction.com.au\/#\/schema\/logo\/image\/","url":"https:\/\/www.skyconstruction.com.au\/wp-content\/uploads\/2019\/06\/sky-logo.png","contentUrl":"https:\/\/www.skyconstruction.com.au\/wp-content\/uploads\/2019\/06\/sky-logo.png","width":350,"height":350,"caption":"Sky Construction & Development"},"image":{"@id":"https:\/\/www.skyconstruction.com.au\/#\/schema\/logo\/image\/"}}]}},"_links":{"self":[{"href":"https:\/\/www.skyconstruction.com.au\/vi\/wp-json\/wp\/v2\/pages\/302","targetHints":{"allow":["GET"]}}],"collection":[{"href":"https:\/\/www.skyconstruction.com.au\/vi\/wp-json\/wp\/v2\/pages"}],"about":[{"href":"https:\/\/www.skyconstruction.com.au\/vi\/wp-json\/wp\/v2\/types\/page"}],"author":[{"embeddable":true,"href":"https:\/\/www.skyconstruction.com.au\/vi\/wp-json\/wp\/v2\/users\/1"}],"replies":[{"embeddable":true,"href":"https:\/\/www.skyconstruction.com.au\/vi\/wp-json\/wp\/v2\/comments?post=302"}],"version-history":[{"count":5,"href":"https:\/\/www.skyconstruction.com.au\/vi\/wp-json\/wp\/v2\/pages\/302\/revisions"}],"predecessor-version":[{"id":351,"href":"https:\/\/www.skyconstruction.com.au\/vi\/wp-json\/wp\/v2\/pages\/302\/revisions\/351"}],"wp:attachment":[{"href":"https:\/\/www.skyconstruction.com.au\/vi\/wp-json\/wp\/v2\/media?parent=302"}],"curies":[{"name":"wp","href":"https:\/\/api.w.org\/{rel}","templated":true}]}}