{"id":304,"date":"2019-08-18T17:55:09","date_gmt":"2019-08-18T08:25:09","guid":{"rendered":"https:\/\/www.skyconstruction.com.au\/?page_id=304"},"modified":"2019-09-04T03:12:54","modified_gmt":"2019-09-03T17:42:54","slug":"double-story-designs","status":"publish","type":"page","link":"https:\/\/www.skyconstruction.com.au\/vi\/double-story-designs\/","title":{"rendered":"Thi\u1ebft k\u1ebf truy\u1ec7n \u0111\u00f4i"},"content":{"rendered":"<div data-elementor-type=\"wp-post\" data-elementor-id=\"304\" class=\"elementor elementor-304\" data-elementor-post-type=\"page\">\n\t\t\t\t\t\t<section class=\"elementor-section elementor-top-section elementor-element elementor-element-4635b36d elementor-section-boxed elementor-section-height-default elementor-section-height-default\" data-id=\"4635b36d\" data-element_type=\"section\" data-e-type=\"section\" data-settings=\"{&quot;background_background&quot;:&quot;classic&quot;}\">\n\t\t\t\t\t\t\t<div class=\"elementor-background-overlay\"><\/div>\n\t\t\t\t\t\t\t<div class=\"elementor-container elementor-column-gap-default\">\n\t\t\t\t\t<div class=\"elementor-column elementor-col-100 elementor-top-column elementor-element elementor-element-4c008e2e\" data-id=\"4c008e2e\" data-element_type=\"column\" data-e-type=\"column\">\n\t\t\t<div class=\"elementor-widget-wrap elementor-element-populated\">\n\t\t\t\t\t\t<div class=\"elementor-element elementor-element-5bfcbc87 elementor-widget elementor-widget-spacer\" data-id=\"5bfcbc87\" data-element_type=\"widget\" data-e-type=\"widget\" data-widget_type=\"spacer.default\">\n\t\t\t\t<div class=\"elementor-widget-container\">\n\t\t\t\t\t\t\t<div class=\"elementor-spacer\">\n\t\t\t<div class=\"elementor-spacer-inner\"><\/div>\n\t\t<\/div>\n\t\t\t\t\t\t<\/div>\n\t\t\t\t<\/div>\n\t\t\t\t<div class=\"elementor-element elementor-element-68cd50cf elementor-widget elementor-widget-heading\" data-id=\"68cd50cf\" data-element_type=\"widget\" data-e-type=\"widget\" data-widget_type=\"heading.default\">\n\t\t\t\t<div class=\"elementor-widget-container\">\n\t\t\t\t\t<h1 class=\"elementor-heading-title elementor-size-default\">Thi\u1ebft k\u1ebf truy\u1ec7n \u0111\u00f4i<\/h1>\t\t\t\t<\/div>\n\t\t\t\t<\/div>\n\t\t\t\t<div class=\"elementor-element elementor-element-74986dc7 elementor-widget elementor-widget-heading\" data-id=\"74986dc7\" data-element_type=\"widget\" data-e-type=\"widget\" data-widget_type=\"heading.default\">\n\t\t\t\t<div class=\"elementor-widget-container\">\n\t\t\t\t\t<h4 class=\"elementor-heading-title elementor-size-default\">Nh\u1ea5n v\u00e0o \u0111\u00e2y \u0111\u1ec3 xem h\u00ecnh \u1ea3nh l\u1edbn h\u01a1n<\/h4>\t\t\t\t<\/div>\n\t\t\t\t<\/div>\n\t\t\t\t<section class=\"elementor-section elementor-inner-section elementor-element elementor-element-10e85e2 elementor-section-boxed elementor-section-height-default elementor-section-height-default\" data-id=\"10e85e2\" data-element_type=\"section\" data-e-type=\"section\">\n\t\t\t\t\t\t<div class=\"elementor-container elementor-column-gap-default\">\n\t\t\t\t\t<div class=\"elementor-column elementor-col-50 elementor-inner-column elementor-element elementor-element-b55eeef\" data-id=\"b55eeef\" data-element_type=\"column\" data-e-type=\"column\">\n\t\t\t<div class=\"elementor-widget-wrap elementor-element-populated\">\n\t\t\t\t\t\t<div class=\"elementor-element elementor-element-8cd6092 elementor-widget elementor-widget-image\" data-id=\"8cd6092\" data-element_type=\"widget\" data-e-type=\"widget\" data-widget_type=\"image.default\">\n\t\t\t\t<div class=\"elementor-widget-container\">\n\t\t\t\t\t\t\t\t\t\t\t\t\t\t\t\t<a href=\"https:\/\/www.skyconstruction.com.au\/wp-content\/uploads\/2019\/09\/sky-image-plan-large-doublestory3.jpg\" data-elementor-open-lightbox=\"yes\" data-elementor-lightbox-title=\"sky-image-plan-large-doublestory3\" data-e-action-hash=\"#elementor-action%3Aaction%3Dlightbox%26settings%3DeyJpZCI6MzQ2LCJ1cmwiOiJodHRwczpcL1wvd3d3LnNreWNvbnN0cnVjdGlvbi5jb20uYXVcL3dwLWNvbnRlbnRcL3VwbG9hZHNcLzIwMTlcLzA5XC9za3ktaW1hZ2UtcGxhbi1sYXJnZS1kb3VibGVzdG9yeTMuanBnIn0%3D\">\n\t\t\t\t\t\t\t<img fetchpriority=\"high\" decoding=\"async\" width=\"3440\" height=\"2332\" src=\"https:\/\/www.skyconstruction.com.au\/wp-content\/uploads\/2019\/09\/sky-image-plan-large-doublestory3.jpg\" class=\"attachment-full size-full wp-image-346\" alt=\"\" srcset=\"https:\/\/www.skyconstruction.com.au\/wp-content\/uploads\/2019\/09\/sky-image-plan-large-doublestory3.jpg 3440w, https:\/\/www.skyconstruction.com.au\/wp-content\/uploads\/2019\/09\/sky-image-plan-large-doublestory3-300x203.jpg 300w, https:\/\/www.skyconstruction.com.au\/wp-content\/uploads\/2019\/09\/sky-image-plan-large-doublestory3-768x521.jpg 768w, https:\/\/www.skyconstruction.com.au\/wp-content\/uploads\/2019\/09\/sky-image-plan-large-doublestory3-1024x694.jpg 1024w\" sizes=\"(max-width: 3440px) 100vw, 3440px\" \/>\t\t\t\t\t\t\t\t<\/a>\n\t\t\t\t\t\t\t\t\t\t\t\t\t\t\t<\/div>\n\t\t\t\t<\/div>\n\t\t\t\t\t<\/div>\n\t\t<\/div>\n\t\t\t\t<div class=\"elementor-column elementor-col-50 elementor-inner-column elementor-element elementor-element-13db9f6\" data-id=\"13db9f6\" data-element_type=\"column\" data-e-type=\"column\">\n\t\t\t<div class=\"elementor-widget-wrap elementor-element-populated\">\n\t\t\t\t\t\t<div class=\"elementor-element elementor-element-fb16aab elementor-widget elementor-widget-image\" data-id=\"fb16aab\" data-element_type=\"widget\" data-e-type=\"widget\" data-widget_type=\"image.default\">\n\t\t\t\t<div class=\"elementor-widget-container\">\n\t\t\t\t\t\t\t\t\t\t\t\t\t\t\t\t<a href=\"https:\/\/www.skyconstruction.com.au\/wp-content\/uploads\/2019\/09\/sky-image-plan-large-doublestory2.jpg\" data-elementor-open-lightbox=\"yes\" data-elementor-lightbox-title=\"sky-image-plan-large-doublestory2\" data-e-action-hash=\"#elementor-action%3Aaction%3Dlightbox%26settings%3DeyJpZCI6MzQ1LCJ1cmwiOiJodHRwczpcL1wvd3d3LnNreWNvbnN0cnVjdGlvbi5jb20uYXVcL3dwLWNvbnRlbnRcL3VwbG9hZHNcLzIwMTlcLzA5XC9za3ktaW1hZ2UtcGxhbi1sYXJnZS1kb3VibGVzdG9yeTIuanBnIn0%3D\">\n\t\t\t\t\t\t\t<img decoding=\"async\" width=\"3451\" height=\"2029\" src=\"https:\/\/www.skyconstruction.com.au\/wp-content\/uploads\/2019\/09\/sky-image-plan-large-doublestory2.jpg\" class=\"attachment-full size-full wp-image-345\" alt=\"\" srcset=\"https:\/\/www.skyconstruction.com.au\/wp-content\/uploads\/2019\/09\/sky-image-plan-large-doublestory2.jpg 3451w, https:\/\/www.skyconstruction.com.au\/wp-content\/uploads\/2019\/09\/sky-image-plan-large-doublestory2-300x176.jpg 300w, https:\/\/www.skyconstruction.com.au\/wp-content\/uploads\/2019\/09\/sky-image-plan-large-doublestory2-768x452.jpg 768w, https:\/\/www.skyconstruction.com.au\/wp-content\/uploads\/2019\/09\/sky-image-plan-large-doublestory2-1024x602.jpg 1024w\" sizes=\"(max-width: 3451px) 100vw, 3451px\" \/>\t\t\t\t\t\t\t\t<\/a>\n\t\t\t\t\t\t\t\t\t\t\t\t\t\t\t<\/div>\n\t\t\t\t<\/div>\n\t\t\t\t\t<\/div>\n\t\t<\/div>\n\t\t\t\t\t<\/div>\n\t\t<\/section>\n\t\t\t\t<section class=\"elementor-section elementor-inner-section elementor-element elementor-element-3989d59 elementor-section-boxed elementor-section-height-default elementor-section-height-default\" data-id=\"3989d59\" data-element_type=\"section\" data-e-type=\"section\">\n\t\t\t\t\t\t<div class=\"elementor-container elementor-column-gap-default\">\n\t\t\t\t\t<div class=\"elementor-column elementor-col-50 elementor-inner-column elementor-element elementor-element-0157b99\" data-id=\"0157b99\" data-element_type=\"column\" data-e-type=\"column\">\n\t\t\t<div class=\"elementor-widget-wrap elementor-element-populated\">\n\t\t\t\t\t\t<div class=\"elementor-element elementor-element-ef782da elementor-widget elementor-widget-image\" data-id=\"ef782da\" data-element_type=\"widget\" data-e-type=\"widget\" data-widget_type=\"image.default\">\n\t\t\t\t<div class=\"elementor-widget-container\">\n\t\t\t\t\t\t\t\t\t\t\t\t\t\t\t\t<a href=\"https:\/\/www.skyconstruction.com.au\/wp-content\/uploads\/2019\/09\/sky-image-plan-large-doublestory4.jpg\" data-elementor-open-lightbox=\"yes\" data-elementor-lightbox-title=\"sky-image-plan-large-doublestory4\" data-e-action-hash=\"#elementor-action%3Aaction%3Dlightbox%26settings%3DeyJpZCI6MzM5LCJ1cmwiOiJodHRwczpcL1wvd3d3LnNreWNvbnN0cnVjdGlvbi5jb20uYXVcL3dwLWNvbnRlbnRcL3VwbG9hZHNcLzIwMTlcLzA5XC9za3ktaW1hZ2UtcGxhbi1sYXJnZS1kb3VibGVzdG9yeTQuanBnIn0%3D\">\n\t\t\t\t\t\t\t<img decoding=\"async\" width=\"2443\" height=\"2882\" src=\"https:\/\/www.skyconstruction.com.au\/wp-content\/uploads\/2019\/09\/sky-image-plan-large-doublestory4.jpg\" class=\"attachment-full size-full wp-image-339\" alt=\"\" srcset=\"https:\/\/www.skyconstruction.com.au\/wp-content\/uploads\/2019\/09\/sky-image-plan-large-doublestory4.jpg 2443w, https:\/\/www.skyconstruction.com.au\/wp-content\/uploads\/2019\/09\/sky-image-plan-large-doublestory4-254x300.jpg 254w, https:\/\/www.skyconstruction.com.au\/wp-content\/uploads\/2019\/09\/sky-image-plan-large-doublestory4-768x906.jpg 768w, https:\/\/www.skyconstruction.com.au\/wp-content\/uploads\/2019\/09\/sky-image-plan-large-doublestory4-868x1024.jpg 868w\" sizes=\"(max-width: 2443px) 100vw, 2443px\" \/>\t\t\t\t\t\t\t\t<\/a>\n\t\t\t\t\t\t\t\t\t\t\t\t\t\t\t<\/div>\n\t\t\t\t<\/div>\n\t\t\t\t\t<\/div>\n\t\t<\/div>\n\t\t\t\t<div class=\"elementor-column elementor-col-50 elementor-inner-column elementor-element elementor-element-086d0dc\" data-id=\"086d0dc\" data-element_type=\"column\" data-e-type=\"column\">\n\t\t\t<div class=\"elementor-widget-wrap elementor-element-populated\">\n\t\t\t\t\t\t<div class=\"elementor-element elementor-element-2e88bb9 elementor-widget elementor-widget-image\" data-id=\"2e88bb9\" data-element_type=\"widget\" data-e-type=\"widget\" data-widget_type=\"image.default\">\n\t\t\t\t<div class=\"elementor-widget-container\">\n\t\t\t\t\t\t\t\t\t\t\t\t\t\t\t\t<a href=\"https:\/\/www.skyconstruction.com.au\/wp-content\/uploads\/2019\/09\/sky-image-plan-large-doublestory1.jpg\" data-elementor-open-lightbox=\"yes\" data-elementor-lightbox-title=\"sky-image-plan-large-doublestory1\" data-e-action-hash=\"#elementor-action%3Aaction%3Dlightbox%26settings%3DeyJpZCI6MzQ0LCJ1cmwiOiJodHRwczpcL1wvd3d3LnNreWNvbnN0cnVjdGlvbi5jb20uYXVcL3dwLWNvbnRlbnRcL3VwbG9hZHNcLzIwMTlcLzA5XC9za3ktaW1hZ2UtcGxhbi1sYXJnZS1kb3VibGVzdG9yeTEuanBnIn0%3D\">\n\t\t\t\t\t\t\t<img loading=\"lazy\" decoding=\"async\" width=\"1920\" height=\"1205\" src=\"https:\/\/www.skyconstruction.com.au\/wp-content\/uploads\/2019\/09\/sky-image-plan-large-doublestory1.jpg\" class=\"attachment-full size-full wp-image-344\" alt=\"\" srcset=\"https:\/\/www.skyconstruction.com.au\/wp-content\/uploads\/2019\/09\/sky-image-plan-large-doublestory1.jpg 1920w, https:\/\/www.skyconstruction.com.au\/wp-content\/uploads\/2019\/09\/sky-image-plan-large-doublestory1-300x188.jpg 300w, https:\/\/www.skyconstruction.com.au\/wp-content\/uploads\/2019\/09\/sky-image-plan-large-doublestory1-768x482.jpg 768w, https:\/\/www.skyconstruction.com.au\/wp-content\/uploads\/2019\/09\/sky-image-plan-large-doublestory1-1024x643.jpg 1024w\" sizes=\"(max-width: 1920px) 100vw, 1920px\" \/>\t\t\t\t\t\t\t\t<\/a>\n\t\t\t\t\t\t\t\t\t\t\t\t\t\t\t<\/div>\n\t\t\t\t<\/div>\n\t\t\t\t<div class=\"elementor-element elementor-element-c463d16 elementor-widget elementor-widget-image\" data-id=\"c463d16\" data-element_type=\"widget\" data-e-type=\"widget\" data-widget_type=\"image.default\">\n\t\t\t\t<div class=\"elementor-widget-container\">\n\t\t\t\t\t\t\t\t\t\t\t\t\t\t\t\t<a href=\"https:\/\/www.skyconstruction.com.au\/wp-content\/uploads\/2019\/08\/sky-image-concept.jpg\" data-elementor-open-lightbox=\"yes\" data-elementor-lightbox-title=\"sky-image-concept\" data-e-action-hash=\"#elementor-action%3Aaction%3Dlightbox%26settings%3DeyJpZCI6Mjg5LCJ1cmwiOiJodHRwczpcL1wvd3d3LnNreWNvbnN0cnVjdGlvbi5jb20uYXVcL3dwLWNvbnRlbnRcL3VwbG9hZHNcLzIwMTlcLzA4XC9za3ktaW1hZ2UtY29uY2VwdC5qcGcifQ%3D%3D\">\n\t\t\t\t\t\t\t<img loading=\"lazy\" decoding=\"async\" width=\"800\" height=\"533\" src=\"https:\/\/www.skyconstruction.com.au\/wp-content\/uploads\/2019\/08\/sky-image-concept.jpg\" class=\"attachment-large size-large wp-image-289\" alt=\"\" srcset=\"https:\/\/www.skyconstruction.com.au\/wp-content\/uploads\/2019\/08\/sky-image-concept.jpg 800w, https:\/\/www.skyconstruction.com.au\/wp-content\/uploads\/2019\/08\/sky-image-concept-300x200.jpg 300w, https:\/\/www.skyconstruction.com.au\/wp-content\/uploads\/2019\/08\/sky-image-concept-768x512.jpg 768w\" sizes=\"(max-width: 800px) 100vw, 800px\" \/>\t\t\t\t\t\t\t\t<\/a>\n\t\t\t\t\t\t\t\t\t\t\t\t\t\t\t<\/div>\n\t\t\t\t<\/div>\n\t\t\t\t\t<\/div>\n\t\t<\/div>\n\t\t\t\t\t<\/div>\n\t\t<\/section>\n\t\t\t\t<div class=\"elementor-element elementor-element-da73ad8 elementor-widget elementor-widget-image\" data-id=\"da73ad8\" data-element_type=\"widget\" data-e-type=\"widget\" data-widget_type=\"image.default\">\n\t\t\t\t<div class=\"elementor-widget-container\">\n\t\t\t\t\t\t\t\t\t\t\t\t\t\t\t\t<a href=\"https:\/\/www.skyconstruction.com.au\/wp-content\/uploads\/2019\/08\/sky-image-concept2.jpg\" data-elementor-open-lightbox=\"yes\" data-elementor-lightbox-title=\"sky-image-concept2\" data-e-action-hash=\"#elementor-action%3Aaction%3Dlightbox%26settings%3DeyJpZCI6MjkwLCJ1cmwiOiJodHRwczpcL1wvd3d3LnNreWNvbnN0cnVjdGlvbi5jb20uYXVcL3dwLWNvbnRlbnRcL3VwbG9hZHNcLzIwMTlcLzA4XC9za3ktaW1hZ2UtY29uY2VwdDIuanBnIn0%3D\">\n\t\t\t\t\t\t\t<img loading=\"lazy\" decoding=\"async\" width=\"1600\" height=\"533\" src=\"https:\/\/www.skyconstruction.com.au\/wp-content\/uploads\/2019\/08\/sky-image-concept2.jpg\" class=\"attachment-full size-full wp-image-290\" alt=\"\" srcset=\"https:\/\/www.skyconstruction.com.au\/wp-content\/uploads\/2019\/08\/sky-image-concept2.jpg 1600w, https:\/\/www.skyconstruction.com.au\/wp-content\/uploads\/2019\/08\/sky-image-concept2-300x100.jpg 300w, https:\/\/www.skyconstruction.com.au\/wp-content\/uploads\/2019\/08\/sky-image-concept2-768x256.jpg 768w, https:\/\/www.skyconstruction.com.au\/wp-content\/uploads\/2019\/08\/sky-image-concept2-1024x341.jpg 1024w\" sizes=\"(max-width: 1600px) 100vw, 1600px\" \/>\t\t\t\t\t\t\t\t<\/a>\n\t\t\t\t\t\t\t\t\t\t\t\t\t\t\t<\/div>\n\t\t\t\t<\/div>\n\t\t\t\t<div class=\"elementor-element elementor-element-3332b1b3 elementor-widget elementor-widget-spacer\" data-id=\"3332b1b3\" data-element_type=\"widget\" data-e-type=\"widget\" data-widget_type=\"spacer.default\">\n\t\t\t\t<div class=\"elementor-widget-container\">\n\t\t\t\t\t\t\t<div class=\"elementor-spacer\">\n\t\t\t<div class=\"elementor-spacer-inner\"><\/div>\n\t\t<\/div>\n\t\t\t\t\t\t<\/div>\n\t\t\t\t<\/div>\n\t\t\t\t\t<\/div>\n\t\t<\/div>\n\t\t\t\t\t<\/div>\n\t\t<\/section>\n\t\t\t\t<\/div>","protected":false},"excerpt":{"rendered":"<p>Double Story Designs Click to view a larger image<\/p>","protected":false},"author":1,"featured_media":0,"parent":0,"menu_order":0,"comment_status":"closed","ping_status":"closed","template":"","meta":{"footnotes":""},"class_list":["post-304","page","type-page","status-publish","hentry"],"yoast_head":"<!-- This site is optimized with the Yoast SEO plugin v27.4 - https:\/\/yoast.com\/product\/yoast-seo-wordpress\/ -->\n<title>Double Story Building Designs<\/title>\n<meta name=\"robots\" content=\"index, follow, max-snippet:-1, max-image-preview:large, max-video-preview:-1\" \/>\n<link rel=\"canonical\" href=\"https:\/\/www.skyconstruction.com.au\/vi\/double-story-designs\/\" \/>\n<meta property=\"og:locale\" content=\"vi_VN\" \/>\n<meta property=\"og:type\" content=\"article\" \/>\n<meta property=\"og:title\" content=\"Double Story Building Designs\" \/>\n<meta property=\"og:description\" content=\"Double Story Designs Click to view a larger image\" \/>\n<meta property=\"og:url\" content=\"https:\/\/www.skyconstruction.com.au\/vi\/double-story-designs\/\" \/>\n<meta property=\"og:site_name\" content=\"Sky Construction &amp; Development\" \/>\n<meta property=\"article:modified_time\" content=\"2019-09-03T17:42:54+00:00\" \/>\n<meta property=\"og:image\" content=\"https:\/\/www.skyconstruction.com.au\/wp-content\/uploads\/2019\/09\/sky-image-plan-large-doublestory3.jpg\" \/>\n<meta name=\"twitter:card\" content=\"summary_large_image\" \/>\n<script type=\"application\/ld+json\" class=\"yoast-schema-graph\">{\"@context\":\"https:\\\/\\\/schema.org\",\"@graph\":[{\"@type\":\"WebPage\",\"@id\":\"https:\\\/\\\/www.skyconstruction.com.au\\\/double-story-designs\\\/\",\"url\":\"https:\\\/\\\/www.skyconstruction.com.au\\\/double-story-designs\\\/\",\"name\":\"Double Story Building Designs\",\"isPartOf\":{\"@id\":\"https:\\\/\\\/www.skyconstruction.com.au\\\/#website\"},\"primaryImageOfPage\":{\"@id\":\"https:\\\/\\\/www.skyconstruction.com.au\\\/double-story-designs\\\/#primaryimage\"},\"image\":{\"@id\":\"https:\\\/\\\/www.skyconstruction.com.au\\\/double-story-designs\\\/#primaryimage\"},\"thumbnailUrl\":\"https:\\\/\\\/www.skyconstruction.com.au\\\/wp-content\\\/uploads\\\/2019\\\/09\\\/sky-image-plan-large-doublestory3.jpg\",\"datePublished\":\"2019-08-18T08:25:09+00:00\",\"dateModified\":\"2019-09-03T17:42:54+00:00\",\"breadcrumb\":{\"@id\":\"https:\\\/\\\/www.skyconstruction.com.au\\\/double-story-designs\\\/#breadcrumb\"},\"inLanguage\":\"vi\",\"potentialAction\":[{\"@type\":\"ReadAction\",\"target\":[\"https:\\\/\\\/www.skyconstruction.com.au\\\/double-story-designs\\\/\"]}]},{\"@type\":\"ImageObject\",\"inLanguage\":\"vi\",\"@id\":\"https:\\\/\\\/www.skyconstruction.com.au\\\/double-story-designs\\\/#primaryimage\",\"url\":\"https:\\\/\\\/www.skyconstruction.com.au\\\/wp-content\\\/uploads\\\/2019\\\/09\\\/sky-image-plan-large-doublestory3.jpg\",\"contentUrl\":\"https:\\\/\\\/www.skyconstruction.com.au\\\/wp-content\\\/uploads\\\/2019\\\/09\\\/sky-image-plan-large-doublestory3.jpg\"},{\"@type\":\"BreadcrumbList\",\"@id\":\"https:\\\/\\\/www.skyconstruction.com.au\\\/double-story-designs\\\/#breadcrumb\",\"itemListElement\":[{\"@type\":\"ListItem\",\"position\":1,\"name\":\"Home\",\"item\":\"https:\\\/\\\/www.skyconstruction.com.au\\\/\"},{\"@type\":\"ListItem\",\"position\":2,\"name\":\"Double Story Designs\"}]},{\"@type\":\"WebSite\",\"@id\":\"https:\\\/\\\/www.skyconstruction.com.au\\\/#website\",\"url\":\"https:\\\/\\\/www.skyconstruction.com.au\\\/\",\"name\":\"Sky Construction &amp; Development\",\"description\":\"\",\"publisher\":{\"@id\":\"https:\\\/\\\/www.skyconstruction.com.au\\\/#organization\"},\"potentialAction\":[{\"@type\":\"SearchAction\",\"target\":{\"@type\":\"EntryPoint\",\"urlTemplate\":\"https:\\\/\\\/www.skyconstruction.com.au\\\/?s={search_term_string}\"},\"query-input\":{\"@type\":\"PropertyValueSpecification\",\"valueRequired\":true,\"valueName\":\"search_term_string\"}}],\"inLanguage\":\"vi\"},{\"@type\":\"Organization\",\"@id\":\"https:\\\/\\\/www.skyconstruction.com.au\\\/#organization\",\"name\":\"Sky Construction & Development\",\"url\":\"https:\\\/\\\/www.skyconstruction.com.au\\\/\",\"logo\":{\"@type\":\"ImageObject\",\"inLanguage\":\"vi\",\"@id\":\"https:\\\/\\\/www.skyconstruction.com.au\\\/#\\\/schema\\\/logo\\\/image\\\/\",\"url\":\"https:\\\/\\\/www.skyconstruction.com.au\\\/wp-content\\\/uploads\\\/2019\\\/06\\\/sky-logo.png\",\"contentUrl\":\"https:\\\/\\\/www.skyconstruction.com.au\\\/wp-content\\\/uploads\\\/2019\\\/06\\\/sky-logo.png\",\"width\":350,\"height\":350,\"caption\":\"Sky Construction & Development\"},\"image\":{\"@id\":\"https:\\\/\\\/www.skyconstruction.com.au\\\/#\\\/schema\\\/logo\\\/image\\\/\"}}]}<\/script>\n<!-- \/ Yoast SEO plugin. -->","yoast_head_json":{"title":"Double Story Building Designs","robots":{"index":"index","follow":"follow","max-snippet":"max-snippet:-1","max-image-preview":"max-image-preview:large","max-video-preview":"max-video-preview:-1"},"canonical":"https:\/\/www.skyconstruction.com.au\/vi\/double-story-designs\/","og_locale":"vi_VN","og_type":"article","og_title":"Double Story Building Designs","og_description":"Double Story Designs Click to view a larger image","og_url":"https:\/\/www.skyconstruction.com.au\/vi\/double-story-designs\/","og_site_name":"Sky Construction &amp; Development","article_modified_time":"2019-09-03T17:42:54+00:00","og_image":[{"url":"https:\/\/www.skyconstruction.com.au\/wp-content\/uploads\/2019\/09\/sky-image-plan-large-doublestory3.jpg","type":"","width":"","height":""}],"twitter_card":"summary_large_image","schema":{"@context":"https:\/\/schema.org","@graph":[{"@type":"WebPage","@id":"https:\/\/www.skyconstruction.com.au\/double-story-designs\/","url":"https:\/\/www.skyconstruction.com.au\/double-story-designs\/","name":"Double Story Building Designs","isPartOf":{"@id":"https:\/\/www.skyconstruction.com.au\/#website"},"primaryImageOfPage":{"@id":"https:\/\/www.skyconstruction.com.au\/double-story-designs\/#primaryimage"},"image":{"@id":"https:\/\/www.skyconstruction.com.au\/double-story-designs\/#primaryimage"},"thumbnailUrl":"https:\/\/www.skyconstruction.com.au\/wp-content\/uploads\/2019\/09\/sky-image-plan-large-doublestory3.jpg","datePublished":"2019-08-18T08:25:09+00:00","dateModified":"2019-09-03T17:42:54+00:00","breadcrumb":{"@id":"https:\/\/www.skyconstruction.com.au\/double-story-designs\/#breadcrumb"},"inLanguage":"vi","potentialAction":[{"@type":"ReadAction","target":["https:\/\/www.skyconstruction.com.au\/double-story-designs\/"]}]},{"@type":"ImageObject","inLanguage":"vi","@id":"https:\/\/www.skyconstruction.com.au\/double-story-designs\/#primaryimage","url":"https:\/\/www.skyconstruction.com.au\/wp-content\/uploads\/2019\/09\/sky-image-plan-large-doublestory3.jpg","contentUrl":"https:\/\/www.skyconstruction.com.au\/wp-content\/uploads\/2019\/09\/sky-image-plan-large-doublestory3.jpg"},{"@type":"BreadcrumbList","@id":"https:\/\/www.skyconstruction.com.au\/double-story-designs\/#breadcrumb","itemListElement":[{"@type":"ListItem","position":1,"name":"Home","item":"https:\/\/www.skyconstruction.com.au\/"},{"@type":"ListItem","position":2,"name":"Double Story Designs"}]},{"@type":"WebSite","@id":"https:\/\/www.skyconstruction.com.au\/#website","url":"https:\/\/www.skyconstruction.com.au\/","name":"Sky Construction &amp; Development","description":"","publisher":{"@id":"https:\/\/www.skyconstruction.com.au\/#organization"},"potentialAction":[{"@type":"SearchAction","target":{"@type":"EntryPoint","urlTemplate":"https:\/\/www.skyconstruction.com.au\/?s={search_term_string}"},"query-input":{"@type":"PropertyValueSpecification","valueRequired":true,"valueName":"search_term_string"}}],"inLanguage":"vi"},{"@type":"Organization","@id":"https:\/\/www.skyconstruction.com.au\/#organization","name":"Sky Construction & Development","url":"https:\/\/www.skyconstruction.com.au\/","logo":{"@type":"ImageObject","inLanguage":"vi","@id":"https:\/\/www.skyconstruction.com.au\/#\/schema\/logo\/image\/","url":"https:\/\/www.skyconstruction.com.au\/wp-content\/uploads\/2019\/06\/sky-logo.png","contentUrl":"https:\/\/www.skyconstruction.com.au\/wp-content\/uploads\/2019\/06\/sky-logo.png","width":350,"height":350,"caption":"Sky Construction & Development"},"image":{"@id":"https:\/\/www.skyconstruction.com.au\/#\/schema\/logo\/image\/"}}]}},"_links":{"self":[{"href":"https:\/\/www.skyconstruction.com.au\/vi\/wp-json\/wp\/v2\/pages\/304","targetHints":{"allow":["GET"]}}],"collection":[{"href":"https:\/\/www.skyconstruction.com.au\/vi\/wp-json\/wp\/v2\/pages"}],"about":[{"href":"https:\/\/www.skyconstruction.com.au\/vi\/wp-json\/wp\/v2\/types\/page"}],"author":[{"embeddable":true,"href":"https:\/\/www.skyconstruction.com.au\/vi\/wp-json\/wp\/v2\/users\/1"}],"replies":[{"embeddable":true,"href":"https:\/\/www.skyconstruction.com.au\/vi\/wp-json\/wp\/v2\/comments?post=304"}],"version-history":[{"count":6,"href":"https:\/\/www.skyconstruction.com.au\/vi\/wp-json\/wp\/v2\/pages\/304\/revisions"}],"predecessor-version":[{"id":352,"href":"https:\/\/www.skyconstruction.com.au\/vi\/wp-json\/wp\/v2\/pages\/304\/revisions\/352"}],"wp:attachment":[{"href":"https:\/\/www.skyconstruction.com.au\/vi\/wp-json\/wp\/v2\/media?parent=304"}],"curies":[{"name":"wp","href":"https:\/\/api.w.org\/{rel}","templated":true}]}}