{"id":418,"date":"2020-10-07T22:58:10","date_gmt":"2020-10-07T13:28:10","guid":{"rendered":"https:\/\/www.skyconstruction.com.au\/?page_id=418"},"modified":"2020-10-07T23:14:35","modified_gmt":"2020-10-07T13:44:35","slug":"testimonials","status":"publish","type":"page","link":"https:\/\/www.skyconstruction.com.au\/vi\/testimonials\/","title":{"rendered":"Testimonials"},"content":{"rendered":"<div data-elementor-type=\"wp-post\" data-elementor-id=\"418\" class=\"elementor elementor-418\" data-elementor-post-type=\"page\">\n\t\t\t\t\t\t<section class=\"elementor-section elementor-top-section elementor-element elementor-element-c3ea39c elementor-section-boxed elementor-section-height-default elementor-section-height-default\" data-id=\"c3ea39c\" data-element_type=\"section\" data-e-type=\"section\" data-settings=\"{&quot;background_background&quot;:&quot;classic&quot;}\">\n\t\t\t\t\t\t\t<div class=\"elementor-background-overlay\"><\/div>\n\t\t\t\t\t\t\t<div class=\"elementor-container elementor-column-gap-default\">\n\t\t\t\t\t<div class=\"elementor-column elementor-col-100 elementor-top-column elementor-element elementor-element-993edb2\" data-id=\"993edb2\" data-element_type=\"column\" data-e-type=\"column\">\n\t\t\t<div class=\"elementor-widget-wrap elementor-element-populated\">\n\t\t\t\t\t\t<div class=\"elementor-element elementor-element-db3fc32 elementor-widget elementor-widget-spacer\" data-id=\"db3fc32\" data-element_type=\"widget\" data-e-type=\"widget\" data-widget_type=\"spacer.default\">\n\t\t\t\t<div class=\"elementor-widget-container\">\n\t\t\t\t\t\t\t<div class=\"elementor-spacer\">\n\t\t\t<div class=\"elementor-spacer-inner\"><\/div>\n\t\t<\/div>\n\t\t\t\t\t\t<\/div>\n\t\t\t\t<\/div>\n\t\t\t\t<div class=\"elementor-element elementor-element-0b0be03 elementor-widget elementor-widget-heading\" data-id=\"0b0be03\" data-element_type=\"widget\" data-e-type=\"widget\" data-widget_type=\"heading.default\">\n\t\t\t\t<div class=\"elementor-widget-container\">\n\t\t\t\t\t<h1 class=\"elementor-heading-title elementor-size-default\">Testimonials<\/h1>\t\t\t\t<\/div>\n\t\t\t\t<\/div>\n\t\t\t\t<div class=\"elementor-element elementor-element-3d7cef4 elementor-widget elementor-widget-heading\" data-id=\"3d7cef4\" data-element_type=\"widget\" data-e-type=\"widget\" data-widget_type=\"heading.default\">\n\t\t\t\t<div class=\"elementor-widget-container\">\n\t\t\t\t\t<h4 class=\"elementor-heading-title elementor-size-default\">See what our amazing clients have to say.<\/h4>\t\t\t\t<\/div>\n\t\t\t\t<\/div>\n\t\t\t\t<section class=\"elementor-section elementor-inner-section elementor-element elementor-element-ebba8e3 elementor-section-boxed elementor-section-height-default elementor-section-height-default\" data-id=\"ebba8e3\" data-element_type=\"section\" data-e-type=\"section\">\n\t\t\t\t\t\t<div class=\"elementor-container elementor-column-gap-default\">\n\t\t\t\t\t<div class=\"elementor-column elementor-col-50 elementor-inner-column elementor-element elementor-element-72c6201\" data-id=\"72c6201\" data-element_type=\"column\" data-e-type=\"column\">\n\t\t\t<div class=\"elementor-widget-wrap elementor-element-populated\">\n\t\t\t\t\t\t<div class=\"elementor-element elementor-element-950946f elementor-blockquote--skin-boxed elementor-blockquote--align-left elementor-widget elementor-widget-blockquote\" data-id=\"950946f\" data-element_type=\"widget\" data-e-type=\"widget\" data-widget_type=\"blockquote.default\">\n\t\t\t\t<div class=\"elementor-widget-container\">\n\t\t\t\t\t\t\t<blockquote class=\"elementor-blockquote\">\n\t\t\t<p class=\"elementor-blockquote__content translation-block\">V\u1ee3 t\u00f4i v\u00e0 t\u00f4i r\u1ea5t \u1ea5n t\u01b0\u1ee3ng b\u1edfi s\u1ef1 chuy\u00ean nghi\u1ec7p, linh ho\u1ea1t v\u00e0 ch\u1ea5t l\u01b0\u1ee3ng c\u00f4ng vi\u1ec7c \u0111\u01b0\u1ee3c th\u1ef1c hi\u1ec7n b\u1edfi Sky Construction cho d\u1ef1 \u00e1n t\u00e1i ph\u00e1t tri\u1ec3n 2 ng\u00f4i nh\u00e0 m\u1edbi c\u1ee7a ch\u00fang t\u00f4i.<br><br>Ch\u00fang t\u00f4i r\u1ea5t b\u1eadn r\u1ed9n trong c\u00f4ng vi\u1ec7c v\u00e0 v\u1edbi m\u1ed9t gia \u0111\u00ecnh con nh\u00d5 \u1edf nh\u00e0, \u0111i\u1ec1u quan tr\u1ecdng \u0111\u1ed1i v\u1edbi ch\u00fang t\u00f4i l\u00e0 c\u00f3 m\u1ed9t ng\u01b0\u1eddi \u0111\u00e1ng tin c\u1eady m\u00e0 ch\u00fang t\u00f4i c\u00f3 th\u1ec3 ph\u1ee5 thu\u1ed9c \u0111\u1ec3 gi\u1ea3i quy\u1ebft r\u1eafc r\u1ed1i v\u00e0 lo l\u1eafng trong qu\u00e1 tr\u00ecnh ph\u00e1t tri\u1ec3n d\u1ef1 \u00e1n.<br><br> C\u00f4ng ty \u0111\u00e3 lo t\u1ea5t c\u1ea3 m\u1ecdi th\u1ee9 cho ch\u00fang t\u00f4i; t\u1eeb vi\u1ec7c ph\u00e1 d\u1ee1 ng\u00f4i nh\u00e0 c\u0169, \u0111\u1ebfn vi\u1ec7c ph\u00e2n l\u00f4 th\u00e0nh 2 khu \u0111\u1ea5t m\u1edbi, l\u00ean k\u1ebf ho\u1ea1ch x\u00e2y d\u1ef1ng v\u00e0 xin gi\u1ea5y ph\u00e9p cho d\u1ef1 \u00e1n c\u1ee7a ch\u00fang t\u00f4i. C\u00f4ng ty \u0111\u00e3 gi\u00fap Ch\u00fang t\u00f4i x\u00e2y d\u1ef1ng hai ng\u00f4i nh\u00e0 m\u1edbi tuy\u1ec7t v\u1eddi!<br><br>Nh\u1eefng b\u01b0\u1edbc ti\u1ebfn quan tr\u1ecdng c\u1ee7a ch\u00fang t\u00f4i khi l\u00e0m vi\u1ec7c v\u1edbi Sky Construction and Development:<br><br>1. C\u01a1 h\u1ed9i l\u00e0m vi\u1ec7c tr\u1ef1c ti\u1ebfp v\u1edbi ch\u1ee7 c\u1ee7a c\u00f4ng ty v\u00e0 l\u00e0 ng\u01b0\u1eddi ch\u1ecbu tr\u00e1ch nhi\u1ec7m c\u00e1 nh\u00e2n cho d\u1ef1 \u00e1n c\u1ee7a ch\u00fang t\u00f4i. Do \u0111\u00f3, lo\u1ea1i b\u1ecf s\u1ef1 c\u0103ng th\u1eb3ng v\u00e0 s\u1ef1 b\u1ea5t ti\u1ec7n c\u1ee7a vi\u1ec7c l\u00e3ng ph\u00ed th\u1eddi gian di\u1ec5n ra th\u01b0\u1eddng \u0111\u01b0\u1ee3c th\u1ea5y v\u1edbi c\u00e1c c\u00f4ng ty x\u00e2y d\u1ef1ng kh\u00e1c.<br><br>2. T\u1ef1 do \/ linh ho\u1ea1t \u0111\u1ec3 th\u1ef1c hi\u1ec7n s\u1eeda \u0111\u1ed5i v\u00e0 n\u00e2ng c\u1ea5p trong b\u1ea5t k\u1ef3 qu\u00e1 tr\u00ecnh x\u00e2y d\u1ef1ng n\u00e0o m\u00e0 kh\u00f4ng ph\u00e1 v\u1ee1 ng\u00e2n s\u00e1ch c\u1ee7a ch\u00fang t\u00f4i.<br><br>Ch\u00fang t\u00f4i r\u1ea5t h\u00e0i long v\u1edbi Sky Construction and Development; v\u00e0 ch\u00fang t\u00f4i hi\u1ec7n \u0111ang l\u00e0m th\u00eam d\u1ef1 \u00e1n kh\u00e1c v\u1edbi c\u00f4ng ty.<\/p>\n\t\t\t\t\t\t\t<div class=\"e-q-footer\">\n\t\t\t\t\t\t\t\t\t\t\t<cite class=\"elementor-blockquote__author\">Michael &amp; Minjin\u200b | Allenby Gardens SA\u200b<\/cite>\n\t\t\t\t\t\t\t\t\t\t\t\t\t\t<\/div>\n\t\t\t\t\t<\/blockquote>\n\t\t\t\t\t\t<\/div>\n\t\t\t\t<\/div>\n\t\t\t\t<div class=\"elementor-element elementor-element-1f9a496 elementor-blockquote--skin-boxed elementor-blockquote--align-left elementor-widget elementor-widget-blockquote\" data-id=\"1f9a496\" data-element_type=\"widget\" data-e-type=\"widget\" data-widget_type=\"blockquote.default\">\n\t\t\t\t<div class=\"elementor-widget-container\">\n\t\t\t\t\t\t\t<blockquote class=\"elementor-blockquote\">\n\t\t\t<p class=\"elementor-blockquote__content translation-block\">Ch\u00fang t\u00f4i x\u00e2y d\u1ef1ng ng\u00f4i nh\u00e0 gia \u0111\u00ecnh c\u1ee7a ch\u00fang t\u00f4i v\u1edbi Sky Construction and Development. Ch\u00fang t\u00f4i v\u00f4 c\u00f9ng h\u1ea1nh ph\u00fac v\u1edbi ch\u1ea5t l\u01b0\u1ee3ng ho\u00e0n thi\u1ec7n cao c\u1ee7a ng\u00f4i nh\u00e0 c\u1ee7a ch\u00fang t\u00f4i. T\u1eeb \u0111\u1ed3 \u0111\u1ea1c v\u00e0 ph\u1ee5 ki\u1ec7n cao c\u1ea5p, s\u1ef1 ch\u00fa  \u00fd \u0111\u1ebfn chi ti\u1ebft, s\u1ef1 ch\u0103m s\u00f3c v\u00e0 s\u1ef1 kh\u00e1c bi\u1ec7t trong tay ngh\u1ec1 - Th\u1eadt y\u00ean t\u00e2m khi bi\u1ebft ng\u01b0\u1eddi x\u00e2y d\u1ef1ng c\u1ee7a ch\u00fang t\u00f4i r\u1ea5t t\u1ef1 h\u00e0o v\u1ec1 c\u00f4ng vi\u1ec7c s\u1ea3n ph\u1ea9m c\u1ee7a m\u00ecnh c\u0169ng nh\u01b0 ch\u00fang t\u00f4i t\u1ef1 h\u00e0o khi b\u00e5n b\u00e8 \u0111\u1ebfn nh\u00e0 c\u1ee7a ch\u00fang t\u00f4i. <br><br> c\u00f4ng ty \u0111\u00e3 th\u1ec3 hi\u1ec7n s\u1ef1 quan t\u00e2m r\u1ea5t l\u1edbn \u0111\u1ed1i v\u1edbi ch\u00fang t\u00f4i, r\u1ea5t d\u1ec5 ch\u1ecbu v\u00e0 cho ch\u00fang t\u00f4i c\u1ea3m gi\u00e1c r\u1eb1ng ch\u00fang t\u00f4i kh\u00f4ng ch\u1ec9 \u0111\u01a1n gi\u1ea3n l\u00e0 m\u1ed9t con s\u1ed1 trong c\u00f4ng vi\u1ec7c.<br><br> Ch\u00fang t\u00f4i \u0111\u1eb7c bi\u1ec7t gi\u1edbi thi\u1ec7u Sky Construction and Development cho b\u1ea5t k\u1ef3 ai mu\u1ed1n x\u00e2y d\u1ef1ng m\u1ed9t ng\u00f4i nh\u00e0 m\u1edbi.<\/p>\n\t\t\t\t\t\t\t<div class=\"e-q-footer\">\n\t\t\t\t\t\t\t\t\t\t\t<cite class=\"elementor-blockquote__author\">Ben &amp; Ngan | Ottoway SA<\/cite>\n\t\t\t\t\t\t\t\t\t\t\t\t\t\t<\/div>\n\t\t\t\t\t<\/blockquote>\n\t\t\t\t\t\t<\/div>\n\t\t\t\t<\/div>\n\t\t\t\t\t<\/div>\n\t\t<\/div>\n\t\t\t\t<div class=\"elementor-column elementor-col-50 elementor-inner-column elementor-element elementor-element-b184ba5\" data-id=\"b184ba5\" data-element_type=\"column\" data-e-type=\"column\">\n\t\t\t<div class=\"elementor-widget-wrap elementor-element-populated\">\n\t\t\t\t\t\t<div class=\"elementor-element elementor-element-e62fcf1 elementor-blockquote--skin-boxed elementor-blockquote--align-left elementor-widget elementor-widget-blockquote\" data-id=\"e62fcf1\" data-element_type=\"widget\" data-e-type=\"widget\" data-widget_type=\"blockquote.default\">\n\t\t\t\t<div class=\"elementor-widget-container\">\n\t\t\t\t\t\t\t<blockquote class=\"elementor-blockquote\">\n\t\t\t<p class=\"elementor-blockquote__content translation-block\">Ngay t\u1eeb khi b\u1eaft \u0111\u1ea7u d\u1ef1 \u00e1n, Sky Construction \u0111\u00e3 l\u00e0m vi\u1ec7c v\u1edbi ch\u00fang t\u00f4i \u0111\u1ec3 \u0111\u1ea3m b\u1ea3o thi\u1ebft k\u1ebf m\u00e0 ch\u00fang t\u00f4i c\u00f3 trong \u0111\u1ea7u c\u00f3 th\u1ec3 tr\u1edf th\u00e0nh hi\u1ec7n th\u1ef1c. Kh\u00f4ng ch\u1ec9 v\u1eady, ch\u00fang t\u00f4i c\u00f2n \u0111\u01b0\u1ee3c cung c\u1ea5p nh\u1eefng l\u1eddi khuy\u00ean qu\u00ed gi\u00e1 gi\u00fap ch\u00fang t\u00f4i \u0111i\u1ec1u ch\u1ec9nh c\u00e1c ph\u1ea7n trong thi\u1ebft k\u1ebf c\u1ee7a ch\u00fang t\u00f4i. Khi qu\u00e1 tr\u00ecnh x\u00e2y d\u1ef1ng b\u1eaft \u0111\u1ea7u, ch\u00fang t\u00f4i \u0111\u00e3 ng\u1ea1c nhi\u00ean khi m\u1ecdi th\u1ee9 d\u1ec5 d\u00e0ng nh\u01b0 v\u1eady. Ch\u00fang t\u00f4i lu\u00f4n c\u00f3 th\u1ec3 lien l\u1ea1c v\u1edbi ch\u1ee7 c\u00f4ng ty v\u00e0 anh \u1ea5y r\u1ea5t s\u1eb5n long tr\u1ea3 l\u1eddi b\u1ea5t k\u1ef3 c\u00e2u h\u1ecfi n\u00e0o ch\u00fang t\u00f4i c\u00f3. Ch\u00fang t\u00f4i \u0111\u00e3 c\u00f3 m\u1ed9t v\u00e0i y\u00eau c\u1ea7u \u0111\u1eb7c bi\u1ec7t v\u1edbi ch\u1ee9c n\u0103ng ph\u1ea7n m\u1ec1m c\u00f4ng ngh\u1ec7 cho m\u1ed9t ng\u00f4i nh\u00e0 th\u00f4ng minh. C\u00f4ng ty \u0111\u00e3 thi\u1ebft k\u1ebf m\u1ed9t ng\u00f4i nh\u00e0 th\u00f4ng minh cho ch\u00fang t\u00f4i. Ch\u00fang t\u00f4i c\u00f3 th\u1ec3 \u0111i\u1ec1u ch\u1ec9nh h\u1ec7 th\u1ed1ng \u0111i\u1ec1u h\u00f2a kh\u00f4ng kh\u00ed, b\u00f3ng \u0111\u00e8n v\u00e0 thi\u1ebft b\u1ecb \u0111i\u1ec7n t\u1eed c\u1ee7a ch\u00fang t\u00f4i th\u00f4ng qua \u0111i\u1ec7n tho\u1ea1i di \u0111\u1ed9ng.<br><br> L\u00e0m vi\u1ec7c tr\u1ef1c ti\u1ebfp v\u1edbi ch\u1ee7 c\u00f4ng ty c\u00f3 nhi\u1ec1u n\u0103m kinh nghi\u1ec7m t\u1ea1o n\u00ean s\u1ef1 kh\u00e1c bi\u1ec7t l\u1edbn. Kh\u00f4ng th\u1ec3 h\u1ea1nh ph\u00fac h\u01a1n v\u1edbi ng\u00f4i nh\u00e0 \u0111\u1ea7u ti\u00ean th\u00f4ng minh c\u00f4ng ngh\u1ec7 t\u01b0\u01a1ng lai c\u1ee7a ch\u00fang t\u00f4i \u0111\u01b0\u1ee3c x\u00e2y d\u1ef1ng b\u1edfi Sky Construction and Development.<\/p>\n\t\t\t\t\t\t\t<div class=\"e-q-footer\">\n\t\t\t\t\t\t\t\t\t\t\t<cite class=\"elementor-blockquote__author\">Eric &amp; Allana | Clearview SA<\/cite>\n\t\t\t\t\t\t\t\t\t\t\t\t\t\t<\/div>\n\t\t\t\t\t<\/blockquote>\n\t\t\t\t\t\t<\/div>\n\t\t\t\t<\/div>\n\t\t\t\t<div class=\"elementor-element elementor-element-902576d elementor-blockquote--skin-boxed elementor-blockquote--align-left elementor-widget elementor-widget-blockquote\" data-id=\"902576d\" data-element_type=\"widget\" data-e-type=\"widget\" data-widget_type=\"blockquote.default\">\n\t\t\t\t<div class=\"elementor-widget-container\">\n\t\t\t\t\t\t\t<blockquote class=\"elementor-blockquote\">\n\t\t\t<p class=\"elementor-blockquote__content translation-block\">Ch\u00fang t\u00f4i x\u00e2y d\u1ef1ng ng\u00f4i nh\u00e0 gia \u0111\u00ecnh trong m\u01a1 c\u1ee7a ch\u00fang t\u00f4i v\u1edbi Sky Construction and Development. Ch\u00fang t\u00f4i mu\u1ed1n t\u00f9y ch\u1ec9nh thi\u1ebft k\u1ebf nh\u00e0 c\u1ee7a ch\u00fang t\u00f4i \u0111\u1ec3 ph\u00f9 h\u1ee3p v\u1edbi l\u1ed1i s\u1ed1ng c\u1ee7a ch\u00fang t\u00f4i v\u00e0 m\u1ed9t gia \u0111\u00ecnh l\u1edbn v\u1edbi nhi\u1ec1u th\u00e0nh vi\u00ean. Ch\u00fang t\u00f4i \u0111\u00e3 ch\u1ecdn Sky Construction and Development l\u00e0m nh\u00e0 x\u00e2y d\u1ef1ng c\u1ee7a m\u00ecnh v\u00ec ch\u00fang t\u00f4i \u0111\u00e3 nghe nh\u1eefng \u0111\u1ec1 xu\u1ea5t tuy\u1ec7t v\u1eddi t\u1eeb nh\u1eefng ng\u01b0\u1eddi b\u1ea1n \u0111\u00e3 x\u00e2y d\u1ef1ng v\u1edbi c\u00f4ng ty tr\u01b0\u1edbc \u0111\u00f3 v\u00e0 t\u1ea5t c\u1ea3 h\u1ecd \u0111\u1ec1u c\u00f3 tr\u1ea3i nghi\u1ec7m tuy\u1ec7t v\u1eddi v\u1edbi c\u00f4ng ty. <br><br>Ch\u00fang t\u00f4i v\u00f4 c\u00f9ng h\u1ea1nh ph\u00fac v\u1edbi quy\u1ebft \u0111\u1ecbnh x\u00e2y d\u1ef1ng ng\u00f4i nh\u00e0 c\u1ee7a m\u00ecnh th\u00f4ng qua Sky Construction and Development. Qu\u00e1 tr\u00ecnh x\u00e2y d\u1ef1ng di\u1ec5n ra su\u00f4n s\u1ebb, nh\u00e0 c\u1ee7a ch\u00fang t\u00f4i ho\u00e0n th\u00e0nh \u0111\u00fang h\u1eb9n, ng\u00e2n s\u00e1ch v\u00e0 kh\u00f4ng c\u0103ng th\u1eb3ng.<br><br>Ch\u00fang t\u00f4i ho\u00e0n to\u00e0n gi\u1edbi thi\u1ec7u Sky Construction and Development cho b\u1ea5t k\u1ef3 ai \u0111ang t\u00ecm ki\u1ebfm m\u1ed9t c\u00f4ng ty x\u00e2y d\u1ef1ng ch\u1ea5t l\u01b0\u1ee3ng, c\u00f3 \u0111\u1ea1o \u0111\u1ee9c cho d\u1ef1 \u00e1n c\u1ee7a h\u1ecd.<\/p>\n\t\t\t\t\t\t\t<div class=\"e-q-footer\">\n\t\t\t\t\t\t\t\t\t\t\t<cite class=\"elementor-blockquote__author\">Jason &amp; Rachel | West Croydon SA<\/cite>\n\t\t\t\t\t\t\t\t\t\t\t\t\t\t<\/div>\n\t\t\t\t\t<\/blockquote>\n\t\t\t\t\t\t<\/div>\n\t\t\t\t<\/div>\n\t\t\t\t<div class=\"elementor-element elementor-element-1d212a0 elementor-blockquote--skin-boxed elementor-blockquote--align-left elementor-widget elementor-widget-blockquote\" data-id=\"1d212a0\" data-element_type=\"widget\" data-e-type=\"widget\" data-widget_type=\"blockquote.default\">\n\t\t\t\t<div class=\"elementor-widget-container\">\n\t\t\t\t\t\t\t<blockquote class=\"elementor-blockquote\">\n\t\t\t<p class=\"elementor-blockquote__content translation-block\">Ng\u00f4i nh\u00e0 \u0111\u1ea7u ti\u00ean m\u00e0 ch\u00fang t\u00f4i mua \u0111\u01b0\u1ee3c x\u00e2y d\u1ef1ng b\u1edfi Sky Construction and Development. Ch\u00fang t\u00f4i \u0111\u00e3 r\u1ea5t \u1ea5n t\u01b0\u1ee3ng, ngay t\u1eeb \u0111\u1ea7u. T\u1eeb s\u1ef1 kh\u00e9o l\u00e9o v\u01b0\u1ee3t tr\u1ed9i, \u0111\u1ebfn t\u00ednh th\u1ef1c t\u1ebf c\u1ee7a thi\u1ebft k\u1ebf v\u00e0 b\u1ed1 tr\u00ed, t\u1ed1i \u0111a h\u00f3a vi\u1ec7c s\u1eed d\u1ee5ng kh\u00f4ng gian c\u00f3 s\u1eb5n, ho\u00e0n thi\u1ec7n trang nh\u00e3 v\u1edbi \u0111\u1ed3 \u0111\u1ea1c v\u00e0 ph\u1ee5 ki\u1ec7n sang tr\u1ecdng, cho cu\u1ed9c s\u1ed1ng hi\u1ec7n \u0111\u1ea1i. Ch\u00fang t\u00f4i kh\u00f4ng bao gi\u1edd nghi ng\u1edd vi\u1ec7c mua nh\u00e0 t\u1eeb c\u00f4ng ty, ch\u00fang t\u00f4i bi\u1ebft r\u1eb1ng nh\u00e0 c\u1ee7a ch\u00fang t\u00f4i \u0111\u00e3 \u0111\u01b0\u1ee3c x\u00e2y d\u1ef1ng b\u1edfi m\u1ed9t c\u00f4ng ty x\u00e2y d\u1ef1ng c\u00f3 uy t\u00edn cao.<br><br> Ch\u00fang t\u00f4i r\u1ea5t vui m\u1eebng v\u1edbi ng\u00f4i nh\u00e0 c\u1ee7a m\u00ecnh v\u00e0 do \u0111\u00f3 r\u1ea5t khuy\u1ebfn kh\u00edch Sky Construction and Development cho b\u1ea5t k\u1ef3 ai mu\u1ed1n mua ho\u1eb7c x\u00e2y d\u1ef1ng v\u1edbi c\u00f4ng ty.<\/p>\n\t\t\t\t\t\t\t<div class=\"e-q-footer\">\n\t\t\t\t\t\t\t\t\t\t\t<cite class=\"elementor-blockquote__author\">Mai &amp; Emir | Lockleys SA<\/cite>\n\t\t\t\t\t\t\t\t\t\t\t\t\t\t<\/div>\n\t\t\t\t\t<\/blockquote>\n\t\t\t\t\t\t<\/div>\n\t\t\t\t<\/div>\n\t\t\t\t\t<\/div>\n\t\t<\/div>\n\t\t\t\t\t<\/div>\n\t\t<\/section>\n\t\t\t\t<div class=\"elementor-element elementor-element-e78988b elementor-widget elementor-widget-spacer\" data-id=\"e78988b\" data-element_type=\"widget\" data-e-type=\"widget\" data-widget_type=\"spacer.default\">\n\t\t\t\t<div class=\"elementor-widget-container\">\n\t\t\t\t\t\t\t<div class=\"elementor-spacer\">\n\t\t\t<div class=\"elementor-spacer-inner\"><\/div>\n\t\t<\/div>\n\t\t\t\t\t\t<\/div>\n\t\t\t\t<\/div>\n\t\t\t\t\t<\/div>\n\t\t<\/div>\n\t\t\t\t\t<\/div>\n\t\t<\/section>\n\t\t\t\t<\/div>","protected":false},"excerpt":{"rendered":"<p>Testimonials See what our amazing clients have to say. My wife and I were very impressed by the professionalism, flexibility and quality of work carried out by Sky Construction for our 2 new houses redevelopment project. Being both very busy professionals at work and with a family at home, it was important to us to [&hellip;]<\/p>\n","protected":false},"author":1,"featured_media":0,"parent":0,"menu_order":0,"comment_status":"closed","ping_status":"closed","template":"","meta":{"footnotes":""},"class_list":["post-418","page","type-page","status-publish","hentry"],"yoast_head":"<!-- This site is optimized with the Yoast SEO plugin v27.4 - https:\/\/yoast.com\/product\/yoast-seo-wordpress\/ -->\n<title>Contact Sky Construction Adelaide Builder<\/title>\n<meta name=\"robots\" content=\"index, follow, max-snippet:-1, max-image-preview:large, max-video-preview:-1\" \/>\n<link rel=\"canonical\" href=\"https:\/\/www.skyconstruction.com.au\/vi\/testimonials\/\" \/>\n<meta property=\"og:locale\" content=\"vi_VN\" \/>\n<meta property=\"og:type\" content=\"article\" \/>\n<meta property=\"og:title\" content=\"Contact Sky Construction Adelaide Builder\" \/>\n<meta property=\"og:description\" content=\"Testimonials See what our amazing clients have to say. My wife and I were very impressed by the professionalism, flexibility and quality of work carried out by Sky Construction for our 2 new houses redevelopment project. Being both very busy professionals at work and with a family at home, it was important to us to [&hellip;]\" \/>\n<meta property=\"og:url\" content=\"https:\/\/www.skyconstruction.com.au\/vi\/testimonials\/\" \/>\n<meta property=\"og:site_name\" content=\"Sky Construction &amp; Development\" \/>\n<meta property=\"article:modified_time\" content=\"2020-10-07T13:44:35+00:00\" \/>\n<meta name=\"twitter:card\" content=\"summary_large_image\" \/>\n<meta name=\"twitter:label1\" content=\"\u01af\u1edbc t\u00ednh th\u1eddi gian \u0111\u1ecdc\" \/>\n\t<meta name=\"twitter:data1\" content=\"3 ph\u00fat\" \/>\n<script type=\"application\/ld+json\" class=\"yoast-schema-graph\">{\"@context\":\"https:\\\/\\\/schema.org\",\"@graph\":[{\"@type\":\"WebPage\",\"@id\":\"https:\\\/\\\/www.skyconstruction.com.au\\\/testimonials\\\/\",\"url\":\"https:\\\/\\\/www.skyconstruction.com.au\\\/testimonials\\\/\",\"name\":\"Contact Sky Construction Adelaide Builder\",\"isPartOf\":{\"@id\":\"https:\\\/\\\/www.skyconstruction.com.au\\\/#website\"},\"datePublished\":\"2020-10-07T13:28:10+00:00\",\"dateModified\":\"2020-10-07T13:44:35+00:00\",\"breadcrumb\":{\"@id\":\"https:\\\/\\\/www.skyconstruction.com.au\\\/testimonials\\\/#breadcrumb\"},\"inLanguage\":\"vi\",\"potentialAction\":[{\"@type\":\"ReadAction\",\"target\":[\"https:\\\/\\\/www.skyconstruction.com.au\\\/testimonials\\\/\"]}]},{\"@type\":\"BreadcrumbList\",\"@id\":\"https:\\\/\\\/www.skyconstruction.com.au\\\/testimonials\\\/#breadcrumb\",\"itemListElement\":[{\"@type\":\"ListItem\",\"position\":1,\"name\":\"Home\",\"item\":\"https:\\\/\\\/www.skyconstruction.com.au\\\/\"},{\"@type\":\"ListItem\",\"position\":2,\"name\":\"Testimonials\"}]},{\"@type\":\"WebSite\",\"@id\":\"https:\\\/\\\/www.skyconstruction.com.au\\\/#website\",\"url\":\"https:\\\/\\\/www.skyconstruction.com.au\\\/\",\"name\":\"Sky Construction &amp; Development\",\"description\":\"\",\"publisher\":{\"@id\":\"https:\\\/\\\/www.skyconstruction.com.au\\\/#organization\"},\"potentialAction\":[{\"@type\":\"SearchAction\",\"target\":{\"@type\":\"EntryPoint\",\"urlTemplate\":\"https:\\\/\\\/www.skyconstruction.com.au\\\/?s={search_term_string}\"},\"query-input\":{\"@type\":\"PropertyValueSpecification\",\"valueRequired\":true,\"valueName\":\"search_term_string\"}}],\"inLanguage\":\"vi\"},{\"@type\":\"Organization\",\"@id\":\"https:\\\/\\\/www.skyconstruction.com.au\\\/#organization\",\"name\":\"Sky Construction & Development\",\"url\":\"https:\\\/\\\/www.skyconstruction.com.au\\\/\",\"logo\":{\"@type\":\"ImageObject\",\"inLanguage\":\"vi\",\"@id\":\"https:\\\/\\\/www.skyconstruction.com.au\\\/#\\\/schema\\\/logo\\\/image\\\/\",\"url\":\"https:\\\/\\\/www.skyconstruction.com.au\\\/wp-content\\\/uploads\\\/2019\\\/06\\\/sky-logo.png\",\"contentUrl\":\"https:\\\/\\\/www.skyconstruction.com.au\\\/wp-content\\\/uploads\\\/2019\\\/06\\\/sky-logo.png\",\"width\":350,\"height\":350,\"caption\":\"Sky Construction & Development\"},\"image\":{\"@id\":\"https:\\\/\\\/www.skyconstruction.com.au\\\/#\\\/schema\\\/logo\\\/image\\\/\"}}]}<\/script>\n<!-- \/ Yoast SEO plugin. -->","yoast_head_json":{"title":"Contact Sky Construction Adelaide Builder","robots":{"index":"index","follow":"follow","max-snippet":"max-snippet:-1","max-image-preview":"max-image-preview:large","max-video-preview":"max-video-preview:-1"},"canonical":"https:\/\/www.skyconstruction.com.au\/vi\/testimonials\/","og_locale":"vi_VN","og_type":"article","og_title":"Contact Sky Construction Adelaide Builder","og_description":"Testimonials See what our amazing clients have to say. My wife and I were very impressed by the professionalism, flexibility and quality of work carried out by Sky Construction for our 2 new houses redevelopment project. Being both very busy professionals at work and with a family at home, it was important to us to [&hellip;]","og_url":"https:\/\/www.skyconstruction.com.au\/vi\/testimonials\/","og_site_name":"Sky Construction &amp; Development","article_modified_time":"2020-10-07T13:44:35+00:00","twitter_card":"summary_large_image","twitter_misc":{"\u01af\u1edbc t\u00ednh th\u1eddi gian \u0111\u1ecdc":"3 ph\u00fat"},"schema":{"@context":"https:\/\/schema.org","@graph":[{"@type":"WebPage","@id":"https:\/\/www.skyconstruction.com.au\/testimonials\/","url":"https:\/\/www.skyconstruction.com.au\/testimonials\/","name":"Contact Sky Construction Adelaide Builder","isPartOf":{"@id":"https:\/\/www.skyconstruction.com.au\/#website"},"datePublished":"2020-10-07T13:28:10+00:00","dateModified":"2020-10-07T13:44:35+00:00","breadcrumb":{"@id":"https:\/\/www.skyconstruction.com.au\/testimonials\/#breadcrumb"},"inLanguage":"vi","potentialAction":[{"@type":"ReadAction","target":["https:\/\/www.skyconstruction.com.au\/testimonials\/"]}]},{"@type":"BreadcrumbList","@id":"https:\/\/www.skyconstruction.com.au\/testimonials\/#breadcrumb","itemListElement":[{"@type":"ListItem","position":1,"name":"Home","item":"https:\/\/www.skyconstruction.com.au\/"},{"@type":"ListItem","position":2,"name":"Testimonials"}]},{"@type":"WebSite","@id":"https:\/\/www.skyconstruction.com.au\/#website","url":"https:\/\/www.skyconstruction.com.au\/","name":"Sky Construction &amp; Development","description":"","publisher":{"@id":"https:\/\/www.skyconstruction.com.au\/#organization"},"potentialAction":[{"@type":"SearchAction","target":{"@type":"EntryPoint","urlTemplate":"https:\/\/www.skyconstruction.com.au\/?s={search_term_string}"},"query-input":{"@type":"PropertyValueSpecification","valueRequired":true,"valueName":"search_term_string"}}],"inLanguage":"vi"},{"@type":"Organization","@id":"https:\/\/www.skyconstruction.com.au\/#organization","name":"Sky Construction & Development","url":"https:\/\/www.skyconstruction.com.au\/","logo":{"@type":"ImageObject","inLanguage":"vi","@id":"https:\/\/www.skyconstruction.com.au\/#\/schema\/logo\/image\/","url":"https:\/\/www.skyconstruction.com.au\/wp-content\/uploads\/2019\/06\/sky-logo.png","contentUrl":"https:\/\/www.skyconstruction.com.au\/wp-content\/uploads\/2019\/06\/sky-logo.png","width":350,"height":350,"caption":"Sky Construction & Development"},"image":{"@id":"https:\/\/www.skyconstruction.com.au\/#\/schema\/logo\/image\/"}}]}},"_links":{"self":[{"href":"https:\/\/www.skyconstruction.com.au\/vi\/wp-json\/wp\/v2\/pages\/418","targetHints":{"allow":["GET"]}}],"collection":[{"href":"https:\/\/www.skyconstruction.com.au\/vi\/wp-json\/wp\/v2\/pages"}],"about":[{"href":"https:\/\/www.skyconstruction.com.au\/vi\/wp-json\/wp\/v2\/types\/page"}],"author":[{"embeddable":true,"href":"https:\/\/www.skyconstruction.com.au\/vi\/wp-json\/wp\/v2\/users\/1"}],"replies":[{"embeddable":true,"href":"https:\/\/www.skyconstruction.com.au\/vi\/wp-json\/wp\/v2\/comments?post=418"}],"version-history":[{"count":9,"href":"https:\/\/www.skyconstruction.com.au\/vi\/wp-json\/wp\/v2\/pages\/418\/revisions"}],"predecessor-version":[{"id":431,"href":"https:\/\/www.skyconstruction.com.au\/vi\/wp-json\/wp\/v2\/pages\/418\/revisions\/431"}],"wp:attachment":[{"href":"https:\/\/www.skyconstruction.com.au\/vi\/wp-json\/wp\/v2\/media?parent=418"}],"curies":[{"name":"wp","href":"https:\/\/api.w.org\/{rel}","templated":true}]}}